{"id":8963,"date":"2026-03-09T21:41:18","date_gmt":"2026-03-09T21:41:18","guid":{"rendered":"https:\/\/ecstatic-euler.91-134-89-60.plesk.page\/?page_id=8963"},"modified":"2026-03-09T21:41:21","modified_gmt":"2026-03-09T21:41:21","slug":"codigo-de-conducta","status":"publish","type":"page","link":"https:\/\/positiveengineering.com\/es\/codigo-de-conducta\/","title":{"rendered":"C\u00f3digo De Conducta"},"content":{"rendered":"\n<h1 class=\"wp-block-heading\"><strong>C\u00d3DIGO DE CONDUCTA<\/strong><\/h1>\n\n\n\n<p>Positive Engineering se compromete a promover un entorno de trabajo \u00e9tico, respetuoso y profesional.<\/p>\n\n\n\n<p>Los principios fundamentales de este C\u00f3digo de Conducta son:<\/p>\n\n\n\n<ul class=\"wp-block-list\">\n<li>Respeto por las personas y rechazo de cualquier forma de discriminaci\u00f3n o acoso.<\/li>\n\n\n\n<li>Integridad y comportamiento \u00e9tico en las relaciones con clientes y proveedores.<\/li>\n\n\n\n<li>Cumplimiento de la legislaci\u00f3n vigente.<\/li>\n\n\n\n<li>Prohibici\u00f3n del trabajo forzoso y del trabajo infantil.<\/li>\n<\/ul>\n\n\n\n<p>Los proveedores y colaboradores deber\u00e1n respetar este C\u00f3digo de Conducta. Cualquier incumplimiento podr\u00e1 comunicarse a:<br><a href=\"mailto:contact@positiveengineering.com\">contact@positiveengineering.com<\/a><\/p>\n","protected":false},"excerpt":{"rendered":"<p>C\u00d3DIGO DE CONDUCTA Positive Engineering se compromete a promover un entorno de trabajo \u00e9tico, respetuoso y profesional. Los principios fundamentales&#8230;<\/p>\n","protected":false},"author":2,"featured_media":0,"parent":0,"menu_order":0,"comment_status":"closed","ping_status":"open","template":"","meta":{"give_campaign_id":0,"footnotes":""},"class_list":["post-8963","page","type-page","status-publish","hentry"],"campaignId":"","_links":{"self":[{"href":"https:\/\/positiveengineering.com\/es\/wp-json\/wp\/v2\/pages\/8963","targetHints":{"allow":["GET"]}}],"collection":[{"href":"https:\/\/positiveengineering.com\/es\/wp-json\/wp\/v2\/pages"}],"about":[{"href":"https:\/\/positiveengineering.com\/es\/wp-json\/wp\/v2\/types\/page"}],"author":[{"embeddable":true,"href":"https:\/\/positiveengineering.com\/es\/wp-json\/wp\/v2\/users\/2"}],"replies":[{"embeddable":true,"href":"https:\/\/positiveengineering.com\/es\/wp-json\/wp\/v2\/comments?post=8963"}],"version-history":[{"count":1,"href":"https:\/\/positiveengineering.com\/es\/wp-json\/wp\/v2\/pages\/8963\/revisions"}],"predecessor-version":[{"id":8964,"href":"https:\/\/positiveengineering.com\/es\/wp-json\/wp\/v2\/pages\/8963\/revisions\/8964"}],"wp:attachment":[{"href":"https:\/\/positiveengineering.com\/es\/wp-json\/wp\/v2\/media?parent=8963"}],"curies":[{"name":"wp","href":"https:\/\/api.w.org\/{rel}","templated":true}]}}