{"id":8961,"date":"2026-03-09T21:38:10","date_gmt":"2026-03-09T21:38:10","guid":{"rendered":"https:\/\/ecstatic-euler.91-134-89-60.plesk.page\/?page_id=8961"},"modified":"2026-03-09T21:38:12","modified_gmt":"2026-03-09T21:38:12","slug":"politica-de-calidad","status":"publish","type":"page","link":"https:\/\/positiveengineering.com\/es\/politica-de-calidad\/","title":{"rendered":"Pol\u00edtica de Calidad"},"content":{"rendered":"\n<h1 class=\"wp-block-heading\"><strong>POL\u00cdTICA DE CALIDAD<\/strong><\/h1>\n\n\n\n<p><\/p>\n\n\n\n<p><strong>Nuestra VISI\u00d3N<\/strong><\/p>\n\n\n\n<p>Positive Engineering tiene el prop\u00f3sito de ser una organizaci\u00f3n eficiente y din\u00e1mica que complete el know-how de las empresas en el campo de la Automatizaci\u00f3n Industrial.<\/p>\n\n\n\n<p>Nuestro objetivo es contribuir a que los proyectos se entreguen a tiempo y dentro de presupuesto, evitando retrasos innecesarios durante el comisionado y la puesta en marcha.<\/p>\n\n\n\n<p>Nuestra determinaci\u00f3n es aportar un alto valor con atenci\u00f3n a los detalles y un entendimiento del sistema en su globalidad para proporcionar paz mental a nuestros clientes, ahorr\u00e1ndoles tiempo y dinero en el corto, medio y largo plazo. La satisfacci\u00f3n del cliente es muy importante para nosotros y nuestra intenci\u00f3n es relacionarnos de manera que promueva el bienestar y construya relaciones positivas en el largo plazo.<\/p>\n\n\n\n<p><strong>Nuestra MISI\u00d3N<\/strong><\/p>\n\n\n\n<p>La misi\u00f3n de Positive Engineering es proporcionar paz mental a los clientes en el campo de la Automatizaci\u00f3n Industrial.<\/p>\n\n\n\n<p>Damos soporte proporcionando servicios de alto valor a\u00f1adido, con el prop\u00f3sito de aportar calidad a la ingenier\u00eda de Control e Instrumentaci\u00f3n.<\/p>\n\n\n\n<p>Con especial experiencia en trabajar del lado del cliente para supervisar la ingenier\u00eda desarrollada por otros, nos relacionamos de manera positiva para facilitar la colaboraci\u00f3n y alcanzar resultados \u00f3ptimos.<\/p>\n\n\n\n<p>Positive Engineering tambi\u00e9n da soporte a clientes en proyectos de revamping (migraci\u00f3n de Sistemas de Control de Unidades Paquete, migraciones de DCS, etc.). Con nuestra extensa experiencia y know-how ayudamos en la integraci\u00f3n de los diferentes sistemas.<\/p>\n\n\n\n<p>Trabajamos para ayudar a que los sistemas arranquen de manera segura cuando se pulsa el bot\u00f3n. Nuestro prop\u00f3sito es desarrollar relaciones de calidad, en colaboraci\u00f3n personal y cercana con nuestros clientes y resto de partes interesadas.<\/p>\n\n\n\n<p><strong>Nuestro COMPROMISO<\/strong><\/p>\n\n\n\n<p>PE est\u00e1 comprometida con esta visi\u00f3n y misi\u00f3n. Trabajamos en crear servicios de alto valor a\u00f1adido y en incrementar la satisfacci\u00f3n de nuestras partes interesadas a trav\u00e9s de:<\/p>\n\n\n\n<ul class=\"wp-block-list\">\n<li>La evaluaci\u00f3n y mitigaci\u00f3n de los riesgos con el prop\u00f3sito de reducir cualquier impacto negativo en nuestros servicios, suministradores, clientes y en general en todas nuestras partes interesadas.<\/li>\n\n\n\n<li>El cumplimiento de las normativas, regulaciones y requisitos de nuestros clientes y las aplicables seg\u00fan la legislaci\u00f3n vigente.<\/li>\n\n\n\n<li>El establecimiento y revisi\u00f3n de nuestros objetivos para mejorar los resultados del negocio y nuestro sistema de gesti\u00f3n.<\/li>\n\n\n\n<li>La verificaci\u00f3n de factores externos (contexto), para estar pendientes de aquellos cambios que puedan tener un impacto en nuestro negocio.<\/li>\n\n\n\n<li>Disponer de unos medios humanos y materiales racionales, econ\u00f3micos, seguros y adecuados para el servicio.<\/li>\n\n\n\n<li>El establecimiento de un di\u00e1logo continuo con nuestros proveedores de servicios, clientes, suministradores y otras partes interesadas.<\/li>\n\n\n\n<li>Proveer la motivaci\u00f3n a nuestros equipos con todo lo anteriormente expuesto.<\/li>\n<\/ul>\n\n\n\n<p>La Direcci\u00f3n de PE y todos los integrantes en el desarrollo de nuestros servicios son responsables de cuidar la calidad de nuestros productos \/ servicios y entregas a cliente. La Direcci\u00f3n de PE se asegurar\u00e1 de que todos los implicados en el desarrollo de nuestros productos, conoce esta Pol\u00edtica y sabe c\u00f3mo se aplica en base a nuestra Cultura, Valores y C\u00f3digo de \u00e9tica y conducta.<\/p>\n\n\n\n<p><strong>Juli\u00e1n S\u00e1ez<\/strong><\/p>\n\n\n\n<p>CEO Positive Engineering 1 de noviembre de 2024<\/p>\n","protected":false},"excerpt":{"rendered":"<p>POL\u00cdTICA DE CALIDAD Nuestra VISI\u00d3N Positive Engineering tiene el prop\u00f3sito de ser una organizaci\u00f3n eficiente y din\u00e1mica que complete el&#8230;<\/p>\n","protected":false},"author":2,"featured_media":0,"parent":0,"menu_order":0,"comment_status":"closed","ping_status":"open","template":"","meta":{"give_campaign_id":0,"footnotes":""},"class_list":["post-8961","page","type-page","status-publish","hentry"],"campaignId":"","_links":{"self":[{"href":"https:\/\/positiveengineering.com\/es\/wp-json\/wp\/v2\/pages\/8961","targetHints":{"allow":["GET"]}}],"collection":[{"href":"https:\/\/positiveengineering.com\/es\/wp-json\/wp\/v2\/pages"}],"about":[{"href":"https:\/\/positiveengineering.com\/es\/wp-json\/wp\/v2\/types\/page"}],"author":[{"embeddable":true,"href":"https:\/\/positiveengineering.com\/es\/wp-json\/wp\/v2\/users\/2"}],"replies":[{"embeddable":true,"href":"https:\/\/positiveengineering.com\/es\/wp-json\/wp\/v2\/comments?post=8961"}],"version-history":[{"count":1,"href":"https:\/\/positiveengineering.com\/es\/wp-json\/wp\/v2\/pages\/8961\/revisions"}],"predecessor-version":[{"id":8962,"href":"https:\/\/positiveengineering.com\/es\/wp-json\/wp\/v2\/pages\/8961\/revisions\/8962"}],"wp:attachment":[{"href":"https:\/\/positiveengineering.com\/es\/wp-json\/wp\/v2\/media?parent=8961"}],"curies":[{"name":"wp","href":"https:\/\/api.w.org\/{rel}","templated":true}]}}