{"id":8959,"date":"2026-03-09T21:35:57","date_gmt":"2026-03-09T21:35:57","guid":{"rendered":"https:\/\/ecstatic-euler.91-134-89-60.plesk.page\/?page_id=8959"},"modified":"2026-03-09T21:35:59","modified_gmt":"2026-03-09T21:35:59","slug":"politica-de-gestion","status":"publish","type":"page","link":"https:\/\/positiveengineering.com\/es\/politica-de-gestion\/","title":{"rendered":"Pol\u00edtica de Gesti\u00f3n"},"content":{"rendered":"\n<h1 class=\"wp-block-heading\"><strong>POL\u00cdTICA DE GESTI\u00d3N<\/strong><\/h1>\n\n\n\n<p><\/p>\n\n\n\n<p>En Positive Engineering consideramos la calidad, la protecci\u00f3n del medio ambiente y la prevenci\u00f3n de la contaminaci\u00f3n como valores esenciales.<\/p>\n\n\n\n<p>Nuestro objetivo es desarrollar nuestra actividad de forma sostenible, minimizando el impacto ambiental y aportando valor a nuestros clientes, equipo y sociedad.<\/p>\n\n\n\n<p>La organizaci\u00f3n asume los siguientes compromisos:<\/p>\n\n\n\n<ul class=\"wp-block-list\">\n<li>Garantizar la satisfacci\u00f3n de los clientes.<\/li>\n\n\n\n<li>Fomentar el trabajo en equipo y la profesionalidad.<\/li>\n\n\n\n<li>Garantizar la confidencialidad de los proyectos.<\/li>\n\n\n\n<li>Identificar y reducir los impactos ambientales.<\/li>\n\n\n\n<li>Cumplir la legislaci\u00f3n vigente en materia ambiental y de calidad.<\/li>\n\n\n\n<li>Promover el uso eficiente de los recursos naturales.<\/li>\n\n\n\n<li>Gestionar adecuadamente los residuos.<\/li>\n\n\n\n<li>Fomentar relaciones profesionales sostenibles.<\/li>\n\n\n\n<li>Implementar medidas para alcanzar los objetivos de la pol\u00edtica de gesti\u00f3n.<\/li>\n\n\n\n<li>Sensibilizar al equipo en materia de sostenibilidad.<\/li>\n<\/ul>\n\n\n\n<p>Esta pol\u00edtica estar\u00e1 a disposici\u00f3n de todas las partes interesadas.<\/p>\n","protected":false},"excerpt":{"rendered":"<p>POL\u00cdTICA DE GESTI\u00d3N En Positive Engineering consideramos la calidad, la protecci\u00f3n del medio ambiente y la prevenci\u00f3n de la contaminaci\u00f3n&#8230;<\/p>\n","protected":false},"author":2,"featured_media":0,"parent":0,"menu_order":0,"comment_status":"closed","ping_status":"open","template":"","meta":{"give_campaign_id":0,"footnotes":""},"class_list":["post-8959","page","type-page","status-publish","hentry"],"campaignId":"","_links":{"self":[{"href":"https:\/\/positiveengineering.com\/es\/wp-json\/wp\/v2\/pages\/8959","targetHints":{"allow":["GET"]}}],"collection":[{"href":"https:\/\/positiveengineering.com\/es\/wp-json\/wp\/v2\/pages"}],"about":[{"href":"https:\/\/positiveengineering.com\/es\/wp-json\/wp\/v2\/types\/page"}],"author":[{"embeddable":true,"href":"https:\/\/positiveengineering.com\/es\/wp-json\/wp\/v2\/users\/2"}],"replies":[{"embeddable":true,"href":"https:\/\/positiveengineering.com\/es\/wp-json\/wp\/v2\/comments?post=8959"}],"version-history":[{"count":1,"href":"https:\/\/positiveengineering.com\/es\/wp-json\/wp\/v2\/pages\/8959\/revisions"}],"predecessor-version":[{"id":8960,"href":"https:\/\/positiveengineering.com\/es\/wp-json\/wp\/v2\/pages\/8959\/revisions\/8960"}],"wp:attachment":[{"href":"https:\/\/positiveengineering.com\/es\/wp-json\/wp\/v2\/media?parent=8959"}],"curies":[{"name":"wp","href":"https:\/\/api.w.org\/{rel}","templated":true}]}}