{"id":8956,"date":"2026-02-24T12:48:31","date_gmt":"2026-02-24T12:48:31","guid":{"rendered":"https:\/\/ecstatic-euler.91-134-89-60.plesk.page\/?page_id=8956"},"modified":"2026-03-09T21:34:37","modified_gmt":"2026-03-09T21:34:37","slug":"politica-de-cookies","status":"publish","type":"page","link":"https:\/\/positiveengineering.com\/es\/politica-de-cookies\/","title":{"rendered":"Pol\u00edtica de Cookies"},"content":{"rendered":"\n<h1 class=\"wp-block-heading\"><strong>POL\u00cdTICA DE COOKIES<\/strong><\/h1>\n\n\n\n<p><\/p>\n\n\n\n<p><strong>QU\u00c9 SON LAS COOKIES<\/strong><\/p>\n\n\n\n<p>Las cookies son archivos que se descargan en el dispositivo del Usuario al acceder a determinadas p\u00e1ginas web, permitiendo almacenar y recuperar informaci\u00f3n sobre h\u00e1bitos de navegaci\u00f3n.<\/p>\n\n\n\n<p><strong>TIPOS DE COOKIES UTILIZADAS<\/strong><\/p>\n\n\n\n<p>El sitio web utiliza:<\/p>\n\n\n\n<ul class=\"wp-block-list\">\n<li>Cookies anal\u00edticas: Son aquellas cookies que, tratadas por el Sitio Web o por terceros, permiten cuantificar el n\u00famero de usuarios y realizar la medici\u00f3n y el an\u00e1lisis estad\u00edstico del uso que hacen los usuarios del Sitio Web. Para ello, se analiza la navegaci\u00f3n que realiza en este Sitio Web con el fin de mejorarla.<\/li>\n\n\n\n<li>\u00a0Cookies t\u00e9cnicas: Son aquellas cookies tratadas por el Sitio Web que permiten a los usuarios registrados navegar a trav\u00e9s del \u00e1rea restringida y utilizar sus diferentes funciones, como, por ejemplo, llevar a cabo el proceso de compra de un Producto o Servicio. Algunas cookies son esenciales para el funcionamiento del Sitio Web, por ejemplo, el sistema de comentarios o el motor de b\u00fasqueda.<\/li>\n\n\n\n<li>Cookies de personalizaci\u00f3n: Son aquellas cookies que permiten a los usuarios acceder al Servicio con algunas caracter\u00edsticas generales predefinidas en funci\u00f3n de una serie de criterios establecidos por el usuario, como el idioma o el tipo de navegador a trav\u00e9s del cual se conecta a este Sitio Web.<\/li>\n\n\n\n<li>Cookies de terceros. El Sitio Web utiliza servicios de terceros como Google AdSense y Google Analytics, que pueden instalar cookies con fines estad\u00edsticos y publicitarios.&nbsp;&nbsp;&nbsp;&nbsp;&nbsp;&nbsp;&nbsp;&nbsp;&nbsp;&nbsp;&nbsp;&nbsp;&nbsp;&nbsp;&nbsp;&nbsp;&nbsp;&nbsp;&nbsp;&nbsp;&nbsp;&nbsp;&nbsp;&nbsp;&nbsp;&nbsp;&nbsp;&nbsp;&nbsp;&nbsp;&nbsp;&nbsp;&nbsp;&nbsp;&nbsp;&nbsp;&nbsp;&nbsp;&nbsp;&nbsp;&nbsp;&nbsp;&nbsp;&nbsp;&nbsp;&nbsp;&nbsp;&nbsp;&nbsp;&nbsp;&nbsp;&nbsp;&nbsp;&nbsp;&nbsp;&nbsp;&nbsp;&nbsp;&nbsp;&nbsp;&nbsp;&nbsp;&nbsp;&nbsp;&nbsp;&nbsp;&nbsp;&nbsp;&nbsp;&nbsp;&nbsp;&nbsp;&nbsp;&nbsp;&nbsp;&nbsp;&nbsp;&nbsp;&nbsp;&nbsp;&nbsp; Asimismo, el Sitio Web puede incluir funcionalidades de redes sociales como Facebook, Instagram, YouTube o X (Twitter), que pueden instalar cookies al utilizar sus herramientas para compartir contenido. El uso de estas cookies est\u00e1 sujeto a las pol\u00edticas de privacidad y cookies de dichos terceros.<\/li>\n<\/ul>\n\n\n\n<p><strong>GESTI\u00d3N DE COOKIES<\/strong><\/p>\n\n\n\n<p>El Usuario puede aceptar, rechazar o configurar las cookies a trav\u00e9s de las opciones de su navegador.<\/p>\n\n\n\n<p>El uso de cookies de terceros se detalla en la presente Pol\u00edtica de Cookies.<\/p>\n\n\n\n<p><strong>ADVERTENCIA SOBRE LA ELIMINACI\u00d3N DE COOKIES<\/strong><\/p>\n\n\n\n<p>El bloqueo o la eliminaci\u00f3n de cookies puede afectar al correcto funcionamiento del Sitio Web.<\/p>\n\n\n\n<p><strong>CONTACTO<\/strong><\/p>\n\n\n\n<p>Para cualquier consulta relacionada con esta Pol\u00edtica de Cookies, el Usuario puede contactar en:<br><a href=\"mailto:contact@positiveengineering.com\">contact@positiveengineering.com<\/a><\/p>\n","protected":false},"excerpt":{"rendered":"<p>POL\u00cdTICA DE COOKIES QU\u00c9 SON LAS COOKIES Las cookies son archivos que se descargan en el dispositivo del Usuario al&#8230;<\/p>\n","protected":false},"author":2,"featured_media":0,"parent":0,"menu_order":0,"comment_status":"closed","ping_status":"open","template":"","meta":{"give_campaign_id":0,"footnotes":""},"class_list":["post-8956","page","type-page","status-publish","hentry"],"campaignId":"","_links":{"self":[{"href":"https:\/\/positiveengineering.com\/es\/wp-json\/wp\/v2\/pages\/8956","targetHints":{"allow":["GET"]}}],"collection":[{"href":"https:\/\/positiveengineering.com\/es\/wp-json\/wp\/v2\/pages"}],"about":[{"href":"https:\/\/positiveengineering.com\/es\/wp-json\/wp\/v2\/types\/page"}],"author":[{"embeddable":true,"href":"https:\/\/positiveengineering.com\/es\/wp-json\/wp\/v2\/users\/2"}],"replies":[{"embeddable":true,"href":"https:\/\/positiveengineering.com\/es\/wp-json\/wp\/v2\/comments?post=8956"}],"version-history":[{"count":2,"href":"https:\/\/positiveengineering.com\/es\/wp-json\/wp\/v2\/pages\/8956\/revisions"}],"predecessor-version":[{"id":8958,"href":"https:\/\/positiveengineering.com\/es\/wp-json\/wp\/v2\/pages\/8956\/revisions\/8958"}],"wp:attachment":[{"href":"https:\/\/positiveengineering.com\/es\/wp-json\/wp\/v2\/media?parent=8956"}],"curies":[{"name":"wp","href":"https:\/\/api.w.org\/{rel}","templated":true}]}}