{"id":8953,"date":"2026-02-19T00:38:50","date_gmt":"2026-02-19T00:38:50","guid":{"rendered":"https:\/\/ecstatic-euler.91-134-89-60.plesk.page\/?page_id=8953"},"modified":"2026-03-09T21:30:49","modified_gmt":"2026-03-09T21:30:49","slug":"privacy-policy","status":"publish","type":"page","link":"https:\/\/positiveengineering.com\/es\/privacy-policy\/","title":{"rendered":"Pol\u00edtica de Privacidad"},"content":{"rendered":"\n<h1 class=\"wp-block-heading\">POL\u00cdTICA DE PRIVACIDAD<\/h1>\n\n\n\n<p><\/p>\n\n\n\n<p>Positive Engineering, S.L. informa sobre su Pol\u00edtica de Privacidad respecto del tratamiento y protecci\u00f3n de los datos personales de los usuarios que puedan ser recabados durante la navegaci\u00f3n a trav\u00e9s del sitio web <a href=\"https:\/\/positiveengineering.com\">https:\/\/positiveengineering.com<\/a>.<\/p>\n\n\n\n<p>En este sentido, Positive Engineering, S.L. garantiza el cumplimiento de la normativa vigente en materia de protecci\u00f3n de datos personales, en particular la Ley Org\u00e1nica 3\/2018, de 5 de diciembre, de Protecci\u00f3n de Datos Personales y Garant\u00eda de los Derechos Digitales (LOPDGDD), as\u00ed como el Reglamento (UE) 2016\/679 del Parlamento Europeo y del Consejo, de 27 de abril de 2016 (Reglamento General de Protecci\u00f3n de Datos \u2013 RGPD).<\/p>\n\n\n\n<p>El uso del sitio web implica la aceptaci\u00f3n de esta Pol\u00edtica de Privacidad y de las condiciones incluidas en el Aviso Legal.<\/p>\n\n\n\n<p><strong>IDENTIDAD DEL RESPONSABLE DEL TRATAMIENTO<\/strong><\/p>\n\n\n\n<p><strong>Responsable del tratamiento:<\/strong> Positive Engineering, S.L.<br><strong>NIF:<\/strong> B73870388<br><strong>Domicilio social:<\/strong> Calle Totana 11, 30740 San Pedro del Pinatar, Murcia.<br><strong>Correo electr\u00f3nico:<\/strong> contact@positiveengineering.com<br><strong>Sitio web:<\/strong> <a href=\"https:\/\/positiveengineering.com\">https:\/\/positiveengineering.com<\/a><\/p>\n\n\n\n<p><strong>PRINCIPIOS APLICADOS EN EL TRATAMIENTO DE DATOS<\/strong><\/p>\n\n\n\n<p>En el tratamiento de los datos personales, el Responsable aplicar\u00e1 los siguientes principios, conforme al RGPD:<\/p>\n\n\n\n<ul class=\"wp-block-list\">\n<li>Principio de licitud, lealtad y transparencia: El Titular siempre requerir\u00e1 el consentimiento para el tratamiento de los datos personales que puede ser para uno o varios fines espec\u00edficos sobre los que el Titular informar\u00e1 al Usuario previamente con absoluta transparencia.<\/li>\n\n\n\n<li>Principio de minimizaci\u00f3n de datos: El Titular solicitar\u00e1 solo los datos estrictamente necesarios para el fin o los fines que los solicita.<\/li>\n\n\n\n<li>Principio de limitaci\u00f3n del plazo de conservaci\u00f3n: El Titular mantendr\u00e1 los datos personales recabados durante el tiempo estrictamente necesario para el fin o los fines del tratamiento. El Titular informar\u00e1 al Usuario del plazo de conservaci\u00f3n correspondiente seg\u00fan la finalidad.<\/li>\n<\/ul>\n\n\n\n<p>En el caso de suscripciones, el Titular revisar\u00e1 peri\u00f3dicamente las listas y eliminar\u00e1 aquellos registros inactivos durante un tiempo considerable.<\/p>\n\n\n\n<ul class=\"wp-block-list\">\n<li>Principio de integridad y confidencialidad: Los datos personales recabados ser\u00e1n tratados de tal manera que su seguridad, confidencialidad e integridad est\u00e9n garantizadas.<\/li>\n<\/ul>\n\n\n\n<p>El responsable adoptar\u00e1 las medidas t\u00e9cnicas y organizativas necesarias para garantizar la seguridad de los datos personales y evitar su acceso no autorizado, alteraci\u00f3n, p\u00e9rdida o tratamiento indebido.<\/p>\n\n\n\n<p><strong>OBTENCI\u00d3N DE DATOS PERSONALES<\/strong><\/p>\n\n\n\n<p>Para navegar por el sitio web no es necesario facilitar datos personales.<\/p>\n\n\n\n<p><strong>DERECHOS DE LAS PERSONAS INTERESADAS<\/strong><\/p>\n\n\n\n<p>El Usuario tiene derecho a:<\/p>\n\n\n\n<ul class=\"wp-block-list\">\n<li>Acceder a sus datos personales.<\/li>\n\n\n\n<li>Solicitar la rectificaci\u00f3n de los datos inexactos.<\/li>\n\n\n\n<li>Solicitar la supresi\u00f3n de sus datos.<\/li>\n\n\n\n<li>Solicitar la limitaci\u00f3n de su tratamiento.<\/li>\n\n\n\n<li>Oponerse al tratamiento.<\/li>\n\n\n\n<li>Solicitar la portabilidad de los datos, cuando proceda.<\/li>\n<\/ul>\n\n\n\n<p>Para ejercer estos derechos, el Usuario deber\u00e1 enviar una solicitud al correo electr\u00f3nico contact@positiveengineering.com, acompa\u00f1ada de una copia de un documento v\u00e1lido de identificaci\u00f3n.<\/p>\n\n\n\n<p>Asimismo, el Usuario tiene derecho a presentar una reclamaci\u00f3n ante la Agencia Espa\u00f1ola de Protecci\u00f3n de Datos (AEPD), si considera que el tratamiento de sus datos personales no se ajusta a la normativa vigente.<\/p>\n\n\n\n<p><strong>FINALIDAD DEL TRATAMIENTO DE DATOS PERSONALES<\/strong><\/p>\n\n\n\n<p>Cuando el Usuario contacta a trav\u00e9s del sitio web, facilita datos personales como direcci\u00f3n IP, nombre, direcci\u00f3n de correo electr\u00f3nico, n\u00famero de tel\u00e9fono u otra informaci\u00f3n que proporcione voluntariamente.<\/p>\n\n\n\n<p>Los datos personales ser\u00e1n tratados con las siguientes finalidades:<\/p>\n\n\n\n<ul class=\"wp-block-list\">\n<li>Gestionar las consultas realizadas por el Usuario.<\/li>\n\n\n\n<li>Garantizar el cumplimiento de las obligaciones legales y de las condiciones del Aviso Legal.<\/li>\n\n\n\n<li>Mejorar los servicios ofrecidos a trav\u00e9s del sitio web.<\/li>\n\n\n\n<li>Analizar la navegaci\u00f3n de los usuarios mediante cookies.<\/li>\n\n\n\n<li>Gestionar la presencia del responsable en redes sociales.<\/li>\n<\/ul>\n\n\n\n<p>En ning\u00fan caso se utilizar\u00e1n los datos personales para el env\u00edo de publicidad individualizada a trav\u00e9s de redes sociales.<\/p>\n\n\n\n<p><strong>SEGURIDAD DE LOS DATOS PERSONALES<\/strong><\/p>\n\n\n\n<p>El responsable adopta las medidas de seguridad necesarias para proteger los datos personales.<\/p>\n\n\n\n<p>Los datos personales no ser\u00e1n cedidos a terceros, salvo obligaci\u00f3n legal o cuando sea necesario para la prestaci\u00f3n de un servicio, en cuyo caso se recabar\u00e1 el consentimiento del Usuario.<\/p>\n\n\n\n<p><strong>CONTENIDO DE OTROS SITIOS WEB<\/strong><\/p>\n\n\n\n<p>El sitio web puede incluir contenido incrustado de otros sitios web, que pueden recopilar datos del Usuario, utilizar cookies y supervisar su interacci\u00f3n.<\/p>\n\n\n\n<p><strong>POL\u00cdTICA DE COOKIES<\/strong><\/p>\n\n\n\n<p>Para que este sitio Web funcione correctamente necesita utilizar cookies, que es una informaci\u00f3n que se almacena en tu navegador web.<\/p>\n\n\n\n<p>En la p\u00e1gina Pol\u00edtica de Cookies puedes consultar toda la informaci\u00f3n relativa a la pol\u00edtica de recogida, la finalidad y el tratamiento de las cookies.<\/p>\n\n\n\n<p><strong>LEGITIMACI\u00d3N PARA EL TRATAMIENTO DE DATOS<\/strong><\/p>\n\n\n\n<p>La base legal para el tratamiento de tus datos es: el consentimiento.<\/p>\n\n\n\n<p>Para contactar con el Titular, suscribirte a un bolet\u00edn o realizar comentarios en este sitio Web tienes que aceptar la presente Pol\u00edtica de Privacidad.<\/p>\n\n\n\n<p><strong>CATEGOR\u00cdAS DE DATOS PERSONALES<\/strong><\/p>\n\n\n\n<p>Las categor\u00edas de datos personales que trata el Titular son:<\/p>\n\n\n\n<ul class=\"wp-block-list\">\n<li>Datos identificativos.<\/li>\n\n\n\n<li>No se tratan categor\u00edas de datos especialmente protegidos.<\/li>\n<\/ul>\n\n\n\n<p><strong>CONSERVACI\u00d3N DE DATOS PERSONALES<\/strong><\/p>\n\n\n\n<p>Los datos personales que proporciones al Titular se conservar\u00e1n hasta que solicites su supresi\u00f3n.<\/p>\n\n\n\n<p><strong>DESTINATARIOS DE DATOS PERSONALES<\/strong><\/p>\n\n\n\n<ul class=\"wp-block-list\">\n<li>Google Analytics es un servicio de anal\u00edtica web prestado por Google, Inc., una compa\u00f1\u00eda de Delaware cuya oficina principal est\u00e1 en 1600 Amphitheatre Parkway, Mountain View (California), CA 94043, Estados Unidos (\u201cGoogle\u201d).<\/li>\n<\/ul>\n\n\n\n<p>M\u00e1s informaci\u00f3n en: <a href=\"https:\/\/analytics.google.com\">https:\/\/analytics.google.com<\/a><\/p>\n\n\n\n<p>Google Analytics utiliza \u201ccookies\u201d, que son archivos de texto ubicados en tu ordenador, para ayudar al Titular a analizar el uso que hacen los Usuarios del sitio Web. La informaci\u00f3n que genera la cookie acerca del uso del sitio Web (incluyendo la direcci\u00f3n IP) ser\u00e1 directamente transmitida y archivada por Google en los servidores de Estados Unidos.<\/p>\n\n\n\n<p>En la p\u00e1gina de Pol\u00edtica de privacidad de Google se explica c\u00f3mo Google gestiona la privacidad en lo que respecta al uso de las cookies y otra informaci\u00f3n.<\/p>\n\n\n\n<p>Tambi\u00e9n puedes ver una lista de los tipos de cookies que utiliza Google y sus colaboradores y toda la informaci\u00f3n relativa al uso que hacen de las cookies publicitarias.<\/p>\n\n\n\n<p><strong>NAVEGACI\u00d3N WEB<\/strong><\/p>\n\n\n\n<p>Al navegar por https:\/\/positiveengineering.com se pueden recoger datos no identificativos, que pueden incluir, la direcci\u00f3n IP, geolocalizaci\u00f3n, un registro de c\u00f3mo se utilizan los servicios y sitios, h\u00e1bitos de navegaci\u00f3n y otros datos que no pueden ser utilizados para identificarte.<\/p>\n\n\n\n<p>El sitio Web utiliza los siguientes servicios de an\u00e1lisis de terceros:<\/p>\n\n\n\n<ul class=\"wp-block-list\">\n<li>Google Analytics.<\/li>\n<\/ul>\n\n\n\n<p>El Titular utiliza la informaci\u00f3n obtenida para obtener datos estad\u00edsticos, analizar tendencias, administrar el sitio, estudiar patrones de navegaci\u00f3n y para recopilar informaci\u00f3n demogr\u00e1fica.<\/p>\n\n\n\n<p>El Titular no se hace responsable del tratamiento de los datos personales que realicen las p\u00e1ginas web a las que puedas acceder a trav\u00e9s de los distintos enlaces que contiene el sitio Web.<\/p>\n\n\n\n<p><strong>EXACTITUD Y VERACIDAD DE LOS DATOS PERSONALES<\/strong><\/p>\n\n\n\n<p>Te comprometes a que los datos facilitados al Titular sean correctos, completos, exactos y vigentes, as\u00ed como a mantenerlos debidamente actualizados.<\/p>\n\n\n\n<p>Como Usuario del sitio Web eres el \u00fanico responsable de la veracidad y correcci\u00f3n de los datos remitidos al sitio Web exonerando a Positive Engineering S.L. de cualquier responsabilidad al respecto.<\/p>\n\n\n\n<p><strong>ACEPTACI\u00d3N Y CONSENTIMIENTO<\/strong><\/p>\n\n\n\n<p>Como Usuario del sitio Web declaras haber sido informado de las condiciones sobre protecci\u00f3n de datos de car\u00e1cter personal, aceptas y consientes el tratamiento de los mismos por parte de Positive Engineering S.L. en la forma y para las finalidades indicadas en esta Pol\u00edtica de Privacidad.<\/p>\n\n\n\n<p><strong>REVOCABILIDAD<\/strong><\/p>\n\n\n\n<p>Para ejercitar tus derechos de acceso, rectificaci\u00f3n, cancelaci\u00f3n y oposici\u00f3n tienes que enviar un correo electr\u00f3nico a contact@positiveengineering.com junto con la prueba v\u00e1lida en derecho como una fotocopia del D.N.I. o equivalente.<\/p>\n\n\n\n<p>El ejercicio de estos derechos no incluye ning\u00fan dato que Positive Engineering S.L. est\u00e9 obligado a conservar con fines administrativos, legales o de seguridad.<\/p>\n\n\n\n<p><strong>CAMBIOS EN LA POL\u00cdTICA DE PRIVACIDAD<\/strong><\/p>\n\n\n\n<p>El Titular se reserva el derecho a modificar la presente Pol\u00edtica de Privacidad para adaptarla a novedades legislativas o jurisprudenciales, as\u00ed como a pr\u00e1cticas de la industria. Estas pol\u00edticas estar\u00e1n vigentes hasta que sean modificadas por otras debidamente publicadas.ed.<\/p>\n","protected":false},"excerpt":{"rendered":"<p>POL\u00cdTICA DE PRIVACIDAD Positive Engineering, S.L. informa sobre su Pol\u00edtica de Privacidad respecto del tratamiento y protecci\u00f3n de los datos&#8230;<\/p>\n","protected":false},"author":2,"featured_media":0,"parent":0,"menu_order":0,"comment_status":"closed","ping_status":"open","template":"","meta":{"give_campaign_id":0,"footnotes":""},"class_list":["post-8953","page","type-page","status-publish","hentry"],"campaignId":"","_links":{"self":[{"href":"https:\/\/positiveengineering.com\/es\/wp-json\/wp\/v2\/pages\/8953","targetHints":{"allow":["GET"]}}],"collection":[{"href":"https:\/\/positiveengineering.com\/es\/wp-json\/wp\/v2\/pages"}],"about":[{"href":"https:\/\/positiveengineering.com\/es\/wp-json\/wp\/v2\/types\/page"}],"author":[{"embeddable":true,"href":"https:\/\/positiveengineering.com\/es\/wp-json\/wp\/v2\/users\/2"}],"replies":[{"embeddable":true,"href":"https:\/\/positiveengineering.com\/es\/wp-json\/wp\/v2\/comments?post=8953"}],"version-history":[{"count":2,"href":"https:\/\/positiveengineering.com\/es\/wp-json\/wp\/v2\/pages\/8953\/revisions"}],"predecessor-version":[{"id":8955,"href":"https:\/\/positiveengineering.com\/es\/wp-json\/wp\/v2\/pages\/8953\/revisions\/8955"}],"wp:attachment":[{"href":"https:\/\/positiveengineering.com\/es\/wp-json\/wp\/v2\/media?parent=8953"}],"curies":[{"name":"wp","href":"https:\/\/api.w.org\/{rel}","templated":true}]}}