{"id":8951,"date":"2025-11-03T05:25:35","date_gmt":"2025-11-03T05:25:35","guid":{"rendered":"https:\/\/ecstatic-euler.91-134-89-60.plesk.page\/?page_id=8951"},"modified":"2026-03-09T21:25:54","modified_gmt":"2026-03-09T21:25:54","slug":"aviso-legal","status":"publish","type":"page","link":"https:\/\/positiveengineering.com\/es\/aviso-legal\/","title":{"rendered":"Aviso Legal"},"content":{"rendered":"\n<h1 class=\"wp-block-heading\">AVISO LEGAL<\/h1>\n\n\n\n<p><\/p>\n\n\n\n<p><strong>IDENTIFICACI\u00d3N Y TITULARIDAD<\/strong><\/p>\n\n\n\n<p>En cumplimiento del art\u00edculo 10 de la Ley 34\/2002, de 11 de julio, de Servicios de la Sociedad de la Informaci\u00f3n y de Comercio Electr\u00f3nico, el Titular expone sus datos identificativos:<\/p>\n\n\n\n<p><strong>Titular:<\/strong> Positive Engineering, S.L.<br><strong>NIF:<\/strong> B73870388<br><strong>Inscripci\u00f3n registral:<\/strong> Inscrita en el Registro Mercantil de Murcia, Hoja MU-84629, Tomo 3083, Folio 144, Inscripci\u00f3n 1.\u00aa<br><strong>Domicilio social:<\/strong> Calle Totana 11, 30740 San Pedro del Pinatar, Murcia.<br><strong>Correo electr\u00f3nico:<\/strong> contact@positiveengineering.com<br><strong>Sitio web:<\/strong> <a href=\"https:\/\/positiveengineering.com\">https:\/\/positiveengineering.com<\/a><\/p>\n\n\n\n<p><strong>CONDICIONES DE USO<\/strong><\/p>\n\n\n\n<p>El acceso y uso del sitio web atribuyen la condici\u00f3n de Usuario e implican la aceptaci\u00f3n plena de todas las cl\u00e1usulas y condiciones de uso incluidas en las siguientes p\u00e1ginas:<\/p>\n\n\n\n<ul class=\"wp-block-list\">\n<li>Pol\u00edtica de Cookies<\/li>\n\n\n\n<li>Aviso Legal<\/li>\n\n\n\n<li>Pol\u00edtica de Privacidad<\/li>\n<\/ul>\n","protected":false},"excerpt":{"rendered":"<p>AVISO LEGAL IDENTIFICACI\u00d3N Y TITULARIDAD En cumplimiento del art\u00edculo 10 de la Ley 34\/2002, de 11 de julio, de Servicios&#8230;<\/p>\n","protected":false},"author":2,"featured_media":0,"parent":0,"menu_order":0,"comment_status":"closed","ping_status":"open","template":"","meta":{"give_campaign_id":0,"footnotes":""},"class_list":["post-8951","page","type-page","status-publish","hentry"],"campaignId":"","_links":{"self":[{"href":"https:\/\/positiveengineering.com\/es\/wp-json\/wp\/v2\/pages\/8951","targetHints":{"allow":["GET"]}}],"collection":[{"href":"https:\/\/positiveengineering.com\/es\/wp-json\/wp\/v2\/pages"}],"about":[{"href":"https:\/\/positiveengineering.com\/es\/wp-json\/wp\/v2\/types\/page"}],"author":[{"embeddable":true,"href":"https:\/\/positiveengineering.com\/es\/wp-json\/wp\/v2\/users\/2"}],"replies":[{"embeddable":true,"href":"https:\/\/positiveengineering.com\/es\/wp-json\/wp\/v2\/comments?post=8951"}],"version-history":[{"count":1,"href":"https:\/\/positiveengineering.com\/es\/wp-json\/wp\/v2\/pages\/8951\/revisions"}],"predecessor-version":[{"id":8952,"href":"https:\/\/positiveengineering.com\/es\/wp-json\/wp\/v2\/pages\/8951\/revisions\/8952"}],"wp:attachment":[{"href":"https:\/\/positiveengineering.com\/es\/wp-json\/wp\/v2\/media?parent=8951"}],"curies":[{"name":"wp","href":"https:\/\/api.w.org\/{rel}","templated":true}]}}