{"id":8840,"date":"2026-02-24T05:17:09","date_gmt":"2026-02-24T05:17:09","guid":{"rendered":"https:\/\/ecstatic-euler.91-134-89-60.plesk.page\/?page_id=8840"},"modified":"2026-03-23T17:42:11","modified_gmt":"2026-03-23T17:42:11","slug":"silcet-tool-2","status":"publish","type":"page","link":"https:\/\/positiveengineering.com\/es\/services\/silcet-tool-2\/","title":{"rendered":"SILcet Tool"},"content":{"rendered":"\t\t<div data-elementor-type=\"wp-page\" data-elementor-id=\"8840\" class=\"elementor elementor-8840 elementor-8270\">\n\t\t\t\t<div class=\"elementor-element elementor-element-9d7db8e e-flex e-con-boxed tm-col-stretched-none tm-bg-color-over-image e-con e-parent\" data-id=\"9d7db8e\" data-element_type=\"container\" data-e-type=\"container\">\n\t\t\t\t\t<div class=\"e-con-inner\">\n\t\t<div class=\"elementor-element elementor-element-7604374 e-con-full e-flex tm-col-stretched-none tm-bg-color-over-image e-con e-child\" data-id=\"7604374\" data-element_type=\"container\" data-e-type=\"container\">\n\t\t<div class=\"elementor-element elementor-element-48ec4bc e-con-full e-flex tm-col-stretched-none tm-bg-color-over-image e-con e-child\" data-id=\"48ec4bc\" data-element_type=\"container\" data-e-type=\"container\">\n\t\t\t\t<div class=\"elementor-element elementor-element-613dc51 elementor-widget elementor-widget-text-editor\" data-id=\"613dc51\" data-element_type=\"widget\" data-e-type=\"widget\" data-widget_type=\"text-editor.default\">\n\t\t\t\t\t\t\t\t\t<p><strong>SILcet es una soluci\u00f3n de software avanzada para la verificaci\u00f3n del SIL<\/strong><span>\u00a0<\/span>de Funciones Instrumentadas de Seguridad (SIF), desarrollada en base a los requisitos de IEC 61508, IEC 61511 e ISA-TR84.00.02.<\/p><p>Permite realizar c\u00e1lculos rigurosos y trazables para demostrar el cumplimiento normativo a lo largo de todo el ciclo de vida del SIS, y se ofrece en dos formatos complementarios:<\/p><ul><li><strong>SILcet Cloud<\/strong><span>\u00a0<\/span>es una versi\u00f3n basada en la web, con una interfaz moderna e intuitiva, en la que los c\u00e1lculos se ejecutan sobre infraestructura cloud segura.<\/li><li><strong>SILcet Pro Plus<\/strong><span>\u00a0<\/span>es una versi\u00f3n local para Windows, basada en Excel, que utiliza macros integradas para ejecutar todos los c\u00e1lculos del SIL.<\/li><\/ul><p>Ambas versiones se basan en las mismas ecuaciones de c\u00e1lculo validadas, garantizando la consistencia y equivalencia de los resultados entre plataformas.<\/p><p>SILcet Cloud representa la evoluci\u00f3n natural hacia la nube de SILcet Pro Plus, cuya primera versi\u00f3n se lanz\u00f3 en 2018 y ha sido aplicada con \u00e9xito en numerosos proyectos reales de verificaci\u00f3n de SIL desde entonces.<\/p><p>Esta evoluci\u00f3n es el resultado de una colaboraci\u00f3n estrat\u00e9gica entre<span>\u00a0<\/span><strong>Positive Engineering<\/strong><span>\u00a0<\/span>y<span>\u00a0<\/span><strong>Enertria<\/strong><span>\u00a0<\/span>(<a href=\"http:\/\/safetyandsis.com\">safetyandsis.com<\/a>), un acuerdo que refuerza la continuidad a largo plazo, la robustez t\u00e9cnica y el desarrollo continuo de ambas herramientas.<\/p>\t\t\t\t\t\t\t\t<\/div>\n\t\t\t\t<div class=\"elementor-element elementor-element-a34d447 elementor-widget elementor-widget-spacer\" data-id=\"a34d447\" data-element_type=\"widget\" data-e-type=\"widget\" data-widget_type=\"spacer.default\">\n\t\t\t\t\t\t\t<div class=\"elementor-spacer\">\n\t\t\t<div class=\"elementor-spacer-inner\"><\/div>\n\t\t<\/div>\n\t\t\t\t\t\t<\/div>\n\t\t\t\t<div class=\"elementor-element elementor-element-e524ca3 elementor-widget elementor-widget-video\" data-id=\"e524ca3\" data-element_type=\"widget\" data-e-type=\"widget\" data-settings=\"{&quot;video_type&quot;:&quot;vimeo&quot;}\" data-widget_type=\"video.default\">\n\t\t\t\t\t\t\t<div class=\"elementor-wrapper elementor-open-inline\">\n\t\t\t<iframe class=\"elementor-video-iframe\" allowfullscreen allow=\"clipboard-write\" title=\"Reproductor de v\u00eddeo vimeo\" src=\"https:\/\/player.vimeo.com\/video\/1155711677?color&amp;autopause=0&amp;loop=0&amp;muted=0&amp;title=1&amp;portrait=1&amp;byline=1#t=\"><\/iframe>\t\t<\/div>\n\t\t\t\t\t\t<\/div>\n\t\t\t\t<div class=\"elementor-element elementor-element-bc058ea elementor-widget elementor-widget-spacer\" data-id=\"bc058ea\" data-element_type=\"widget\" data-e-type=\"widget\" data-widget_type=\"spacer.default\">\n\t\t\t\t\t\t\t<div class=\"elementor-spacer\">\n\t\t\t<div class=\"elementor-spacer-inner\"><\/div>\n\t\t<\/div>\n\t\t\t\t\t\t<\/div>\n\t\t<div class=\"elementor-element elementor-element-2d7857d e-con-full e-flex tm-col-stretched-none tm-bg-color-over-image e-con e-child\" data-id=\"2d7857d\" data-element_type=\"container\" data-e-type=\"container\">\n\t\t<div class=\"elementor-element elementor-element-d7fb4d9 e-con-full e-flex tm-col-stretched-none tm-bg-color-over-image e-con e-child\" data-id=\"d7fb4d9\" data-element_type=\"container\" data-e-type=\"container\">\n\t\t\t\t<div class=\"elementor-element elementor-element-f176aa1 elementor-widget elementor-widget-image\" data-id=\"f176aa1\" data-element_type=\"widget\" data-e-type=\"widget\" data-widget_type=\"image.default\">\n\t\t\t\t\t\t\t\t\t\t\t\t\t\t\t<img fetchpriority=\"high\" decoding=\"async\" width=\"1024\" height=\"683\" src=\"https:\/\/positiveengineering.com\/wp-content\/uploads\/2026\/02\/SILcet-Cloud-1024x683.jpg\" class=\"attachment-large size-large wp-image-8843\" alt=\"\" srcset=\"https:\/\/positiveengineering.com\/wp-content\/uploads\/2026\/02\/SILcet-Cloud-1024x683.jpg 1024w, https:\/\/positiveengineering.com\/wp-content\/uploads\/2026\/02\/SILcet-Cloud-300x200.jpg 300w, https:\/\/positiveengineering.com\/wp-content\/uploads\/2026\/02\/SILcet-Cloud-768x512.jpg 768w, https:\/\/positiveengineering.com\/wp-content\/uploads\/2026\/02\/SILcet-Cloud-672x448.jpg 672w, https:\/\/positiveengineering.com\/wp-content\/uploads\/2026\/02\/SILcet-Cloud-600x400.jpg 600w, https:\/\/positiveengineering.com\/wp-content\/uploads\/2026\/02\/SILcet-Cloud.jpg 1517w\" sizes=\"(max-width: 1024px) 100vw, 1024px\" \/>\t\t\t\t\t\t\t\t\t\t\t\t\t\t\t<\/div>\n\t\t\t\t<div class=\"elementor-element elementor-element-4c7a78c elementor-widget elementor-widget-heading\" data-id=\"4c7a78c\" data-element_type=\"widget\" data-e-type=\"widget\" data-widget_type=\"heading.default\">\n\t\t\t\t\t<h3 class=\"elementor-heading-title elementor-size-default\">SILcet Cloud<\/h3>\t\t\t\t<\/div>\n\t\t\t\t<div class=\"elementor-element elementor-element-d01f45b elementor-widget elementor-widget-text-editor\" data-id=\"d01f45b\" data-element_type=\"widget\" data-e-type=\"widget\" data-widget_type=\"text-editor.default\">\n\t\t\t\t\t\t\t\t\t<ul><li>Plataforma de verificaci\u00f3n de SIL basada en la web, accesible a trav\u00e9s de<span>\u00a0<\/span><strong>navegadores est\u00e1ndar<\/strong>.<\/li><li>Entorno de proyecto centralizado, con<span>\u00a0<\/span><strong>acceso multiusuario<\/strong><span>\u00a0<\/span>y flujos de trabajo colaborativos.<\/li><li>Dos<span>\u00a0<\/span><strong>bases de datos<\/strong><span>\u00a0<\/span>de dispositivos integradas:<ul><li><strong>Base de datos definida por el usuario<\/strong>, totalmente importable desde Excel, que permite reutilizar datos corporativos o espec\u00edficos de proyecto.<\/li><li><strong>Base de datos integrada de SILcet<\/strong>, con m\u00e1s de 300 dispositivos reales, adem\u00e1s de datos gen\u00e9ricos.<\/li><\/ul><\/li><li><strong>Generaci\u00f3n de informes personalizable<\/strong>, permitiendo adaptar el contenido y el idioma de los informes.<\/li><li><strong>Intercambio bidireccional de datos con Excel<\/strong>:<ul><li>Exportaci\u00f3n de proyectos completos y bases de datos de usuario a Excel.<\/li><li>Importaci\u00f3n de proyectos y bases de datos de usuario desde archivos Excel.<\/li><\/ul><\/li><li>Dise\u00f1ado para escalar, soportando grandes inventarios de SIF y<span>\u00a0<\/span><strong>m\u00faltiples proyectos.<\/strong><\/li><li>Evoluci\u00f3n continua de funcionalidades, sin necesidad de instalaci\u00f3n local ni actualizaciones manuales.<span><\/span><\/li><\/ul>\t\t\t\t\t\t\t\t<\/div>\n\t\t\t\t<div class=\"elementor-element elementor-element-c0c9a5d elementor-widget elementor-widget-heading\" data-id=\"c0c9a5d\" data-element_type=\"widget\" data-e-type=\"widget\" data-widget_type=\"heading.default\">\n\t\t\t\t\t<h2 class=\"elementor-heading-title elementor-size-default\">M\u00e1s informaci\u00f3n:<\/h2>\t\t\t\t<\/div>\n\t\t\t\t<div class=\"elementor-element elementor-element-9bd8cf0 elementor-widget elementor-widget-tm-ele-list\" data-id=\"9bd8cf0\" data-element_type=\"widget\" data-e-type=\"widget\" data-widget_type=\"tm-ele-list.default\">\n\t\t\t\t<div class=\"elementor-widget-container\">\n\t\t\t\t\t<ul class=\"tm-sc-list \">\r\n\t<li class=\"\">\r\n\t\t\t\t<i aria-hidden=\"true\" class=\"far fa-check-circle\"><\/i>\t\t\t\t<span>\r\n\tM\u00e1s detalles t\u00e9cnicos y descripci\u00f3n funcional en <a href=\"https:\/\/safetyandsis.com\/silcet-cloud\/\">SILcet Cloud \u2014 Functional Safety<\/a><\/span><\/li>\t<li class=\"\">\r\n\t\t\t\t<i aria-hidden=\"true\" class=\"far fa-check-circle\"><\/i>\t\t\t\t<span>\r\n\tPlanes de precios, licencias y acceso directo a la plataforma en <strong><a href=\"#\">SILcet Cloud<\/a>.<a href=\"#\"><\/a><\/strong><\/span><\/li><\/ul>\t\t\t\t<\/div>\n\t\t\t\t<\/div>\n\t\t\t\t<\/div>\n\t\t<div class=\"elementor-element elementor-element-8700676 e-con-full e-flex tm-col-stretched-none tm-bg-color-over-image e-con e-child\" data-id=\"8700676\" data-element_type=\"container\" data-e-type=\"container\">\n\t\t\t\t<div class=\"elementor-element elementor-element-1400cc6 elementor-widget elementor-widget-image\" data-id=\"1400cc6\" data-element_type=\"widget\" data-e-type=\"widget\" data-widget_type=\"image.default\">\n\t\t\t\t\t\t\t\t\t\t\t\t\t\t\t<img decoding=\"async\" width=\"1024\" height=\"650\" src=\"https:\/\/positiveengineering.com\/wp-content\/uploads\/2026\/02\/SILcet-Pro-Plus-1024x650.jpg\" class=\"attachment-large size-large wp-image-8844\" alt=\"\" srcset=\"https:\/\/positiveengineering.com\/wp-content\/uploads\/2026\/02\/SILcet-Pro-Plus-1024x650.jpg 1024w, https:\/\/positiveengineering.com\/wp-content\/uploads\/2026\/02\/SILcet-Pro-Plus-300x191.jpg 300w, https:\/\/positiveengineering.com\/wp-content\/uploads\/2026\/02\/SILcet-Pro-Plus-768x488.jpg 768w, https:\/\/positiveengineering.com\/wp-content\/uploads\/2026\/02\/SILcet-Pro-Plus-600x381.jpg 600w, https:\/\/positiveengineering.com\/wp-content\/uploads\/2026\/02\/SILcet-Pro-Plus.jpg 1324w\" sizes=\"(max-width: 1024px) 100vw, 1024px\" \/>\t\t\t\t\t\t\t\t\t\t\t\t\t\t\t<\/div>\n\t\t\t\t<div class=\"elementor-element elementor-element-1c9b481 elementor-widget elementor-widget-heading\" data-id=\"1c9b481\" data-element_type=\"widget\" data-e-type=\"widget\" data-widget_type=\"heading.default\">\n\t\t\t\t\t<h2 class=\"elementor-heading-title elementor-size-default\">SILcet Pro Plus 8<\/h2>\t\t\t\t<\/div>\n\t\t\t\t<div class=\"elementor-element elementor-element-ea4dac0 elementor-widget elementor-widget-text-editor\" data-id=\"ea4dac0\" data-element_type=\"widget\" data-e-type=\"widget\" data-widget_type=\"text-editor.default\">\n\t\t\t\t\t\t\t\t\t<ul><li>Herramienta de verificaci\u00f3n de SIL<span>\u00a0<\/span><strong>basada en Excel<\/strong>, que se ejecuta localmente en PCs con Windows.<\/li><li>Motor de c\u00e1lculo implementado mediante<span>\u00a0<\/span><strong>macros integradas de Excel<\/strong>, permitiendo una operaci\u00f3n completamente<span>\u00a0<\/span><strong>offline<\/strong>.<\/li><li><strong>Estructura de c\u00e1lculo transparente<\/strong>, con visibilidad directa de los par\u00e1metros de entrada, los resultados finales y otros datos relevantes.<\/li><li><strong>Introducci\u00f3n de datos flexible<\/strong>, especialmente adecuada para estudios de ingenier\u00eda de detalle y flujos de trabajo personalizados.<\/li><li>Alta alineaci\u00f3n con pr\u00e1cticas de documentaci\u00f3n, revisi\u00f3n e ingenier\u00eda basadas en Excel.<\/li><li>Aplicaci\u00f3n contrastada en proyectos industriales reales de verificaci\u00f3n de SIL desde su<span>\u00a0<\/span><strong>primera versi\u00f3n en 2018<\/strong>.<\/li><li><strong>Control directo sobre archivos y datos<\/strong>, facilitando revisiones, auditor\u00edas y el archivado a largo plazo de proyectos.<\/li><\/ul>\t\t\t\t\t\t\t\t<\/div>\n\t\t\t\t<div class=\"elementor-element elementor-element-ccf879b elementor-widget elementor-widget-heading\" data-id=\"ccf879b\" data-element_type=\"widget\" data-e-type=\"widget\" data-widget_type=\"heading.default\">\n\t\t\t\t\t<h2 class=\"elementor-heading-title elementor-size-default\">M\u00e1s informaci\u00f3n, licencias y documentaci\u00f3n :<\/h2>\t\t\t\t<\/div>\n\t\t\t\t<div class=\"elementor-element elementor-element-eec669a elementor-widget elementor-widget-tm-ele-list\" data-id=\"eec669a\" data-element_type=\"widget\" data-e-type=\"widget\" data-widget_type=\"tm-ele-list.default\">\n\t\t\t\t<div class=\"elementor-widget-container\">\n\t\t\t\t\t<ul class=\"tm-sc-list \">\r\n\t<li class=\"\">\r\n\t\t\t\t<i aria-hidden=\"true\" class=\"far fa-check-circle\"><\/i>\t\t\t\t<span>\r\n\t<a href=\"https:\/\/safetyandsis.com\/silcet-proplus\/\">SILcet Pro Plus \u2014 Functional Safety<\/a><\/span><\/li><\/ul>\t\t\t\t<\/div>\n\t\t\t\t<\/div>\n\t\t\t\t<\/div>\n\t\t\t\t<\/div>\n\t\t\t\t<\/div>\n\t\t\t\t<\/div>\n\t\t\t\t<div class=\"elementor-element elementor-element-d58c764 elementor-widget elementor-widget-spacer\" data-id=\"d58c764\" data-element_type=\"widget\" data-e-type=\"widget\" data-widget_type=\"spacer.default\">\n\t\t\t\t\t\t\t<div class=\"elementor-spacer\">\n\t\t\t<div class=\"elementor-spacer-inner\"><\/div>\n\t\t<\/div>\n\t\t\t\t\t\t<\/div>\n\t\t<div class=\"elementor-element elementor-element-817b8f8 e-grid e-con-full tm-col-stretched-none tm-bg-color-over-image e-con e-child\" data-id=\"817b8f8\" data-element_type=\"container\" data-e-type=\"container\">\n\t\t<div class=\"elementor-element elementor-element-fe30999 e-con-full e-flex tm-col-stretched-none tm-bg-color-over-image e-con e-child\" data-id=\"fe30999\" data-element_type=\"container\" data-e-type=\"container\">\n\t\t\t\t<div class=\"elementor-element elementor-element-dd43621 elementor-widget elementor-widget-heading\" data-id=\"dd43621\" data-element_type=\"widget\" data-e-type=\"widget\" data-widget_type=\"heading.default\">\n\t\t\t\t\t<h2 class=\"elementor-heading-title elementor-size-default\">Caracter\u00edsticas t\u00e9cnicas comunes (ambas versiones)<\/h2>\t\t\t\t<\/div>\n\t\t\t\t<div class=\"elementor-element elementor-element-39c2001 elementor-widget elementor-widget-text-editor\" data-id=\"39c2001\" data-element_type=\"widget\" data-e-type=\"widget\" data-widget_type=\"text-editor.default\">\n\t\t\t\t\t\t\t\t\t<ul><li>Verificaci\u00f3n del SIL de Funciones Instrumentadas de Seguridad (SIF) conforme a IEC 61508, IEC 61511 e ISA-TR84.00.02.<\/li><li>Ecuaciones de c\u00e1lculo id\u00e9nticas y validadas en ambas plataformas, garantizando resultados equivalentes y consistentes.<\/li><li>Soporte para un amplio rango de arquitecturas de votaci\u00f3n, incluyendo:<br \/>1oo1, 1oo2, 2oo2, 2oo3, 2oo4, 1oo1D, 1oo2D, 2oo3D, 2oo4D, 1oo3, 1oo4, 1oo5, 3oo3, 4oo4, 5oo5, 6oo6, 3oo4, 3oo5, 4oo5, y arquitecturas MooN generales.<\/li><li>Modelado completo de par\u00e1metros, incluyendo:<ul><li>Tasas de fallo: SD, SU, DD, DU<\/li><li>Tipo de elemento: Tipo A \/ Tipo B<\/li><li><span>SC, Cpt, TI, LT, factor Beta<\/span><\/li><li>MTTRdd, tiempo de arranque (Start-up Time)<\/li><li>Configuraci\u00f3n de diagn\u00f3sticos de transmisores<\/li><\/ul><\/li><li>C\u00e1lculo de m\u00e9tricas clave de Seguridad Funcional:<ul><li>PFDavg para modo de baja demanda<\/li><li>PFH para modo de alta demanda<\/li><li>STR \/ MTTFS<\/li><li>Requisito de Restricciones de Arquitectura<\/li><\/ul><\/li><li>Metodolog\u00eda de c\u00e1lculo estructurada, trazable y auditable, adecuada para:<ul><li>Verificaci\u00f3n de dise\u00f1o<\/li><li>Revisiones independientes<\/li><li>Evaluaciones de Seguridad Funcional (FSA)<\/li><\/ul><\/li><\/ul><p><span>Esta base t\u00e9cnica com\u00fan garantiza que la elecci\u00f3n entre despliegue Cloud o Excel sea exclusivamente operativa, sin ning\u00fan compromiso en el rigor de c\u00e1lculo, el cumplimiento normativo ni la profundidad t\u00e9cnica.\u00a0<\/span><\/p>\t\t\t\t\t\t\t\t<\/div>\n\t\t\t\t<\/div>\n\t\t<div class=\"elementor-element elementor-element-782f672 e-con-full e-flex tm-col-stretched-none tm-bg-color-over-image e-con e-child\" data-id=\"782f672\" data-element_type=\"container\" data-e-type=\"container\">\n\t\t\t\t<div class=\"elementor-element elementor-element-ea281f3 elementor-widget elementor-widget-image\" data-id=\"ea281f3\" data-element_type=\"widget\" data-e-type=\"widget\" data-widget_type=\"image.default\">\n\t\t\t\t\t\t\t\t\t\t\t\t\t\t\t<img decoding=\"async\" width=\"1024\" height=\"683\" src=\"https:\/\/positiveengineering.com\/wp-content\/uploads\/2026\/02\/Safety-Instrumented-Function_2-1024x683.jpg\" class=\"attachment-large size-large wp-image-8845\" alt=\"\" srcset=\"https:\/\/positiveengineering.com\/wp-content\/uploads\/2026\/02\/Safety-Instrumented-Function_2-1024x683.jpg 1024w, https:\/\/positiveengineering.com\/wp-content\/uploads\/2026\/02\/Safety-Instrumented-Function_2-300x200.jpg 300w, https:\/\/positiveengineering.com\/wp-content\/uploads\/2026\/02\/Safety-Instrumented-Function_2-768x512.jpg 768w, https:\/\/positiveengineering.com\/wp-content\/uploads\/2026\/02\/Safety-Instrumented-Function_2-672x448.jpg 672w, https:\/\/positiveengineering.com\/wp-content\/uploads\/2026\/02\/Safety-Instrumented-Function_2-600x400.jpg 600w, https:\/\/positiveengineering.com\/wp-content\/uploads\/2026\/02\/Safety-Instrumented-Function_2.jpg 1536w\" sizes=\"(max-width: 1024px) 100vw, 1024px\" \/>\t\t\t\t\t\t\t\t\t\t\t\t\t\t\t<\/div>\n\t\t\t\t<\/div>\n\t\t\t\t<\/div>\n\t\t\t\t\t<\/div>\n\t\t\t\t<\/div>\n\t\t<div class=\"elementor-element elementor-element-b2df380 e-flex e-con-boxed tm-col-stretched-none tm-bg-color-over-image e-con e-parent\" data-id=\"b2df380\" data-element_type=\"container\" data-e-type=\"container\" data-settings=\"{&quot;background_background&quot;:&quot;classic&quot;}\">\n\t\t\t\t\t<div class=\"e-con-inner\">\n\t\t<div class=\"elementor-element elementor-element-173173e e-con-full e-flex tm-col-stretched-none tm-bg-color-over-image e-con e-child\" data-id=\"173173e\" data-element_type=\"container\" data-e-type=\"container\">\n\t\t\t\t<div class=\"elementor-element elementor-element-192c60f horizontal-line-align-left vertical-line-align-bottom elementor-widget elementor-widget-tm-ele-section-title\" data-id=\"192c60f\" data-element_type=\"widget\" data-e-type=\"widget\" data-widget_type=\"tm-ele-section-title.default\">\n\t\t\t\t<div class=\"elementor-widget-container\">\n\t\t\t\t\t<div class=\"tm-sc-section-title section-title title-icon-pos-icon-left \">\r\n\t<div class=\"title-wrapper\">\r\n\t\t\t\t\r\n\r\n<div class=\"sub-title-outer\">\r\n\t\t<div class=\"subtitle \">\r\n\r\n\t\t\t\t<img decoding=\"async\" class=\"title-icon\" src=\"https:\/\/positiveengineering.com\/wp-content\/uploads\/2026\/02\/favicon-PE.png\" alt=\"icon\">\t\t\r\n\t\tContactanos\t<\/div>\r\n\t<\/div>\t\t\t<h2 class=\"title tm-split-text split-in-right\" >\r\n\r\n\t\t\r\n\t\t\t\t<span class=\"title-part1 \">Dejanos responder tus dudas<\/span>\r\n\t\t\r\n\t\t\t\t\t\t\t\r\n\t<\/h2>\r\n\t<div class=\"title-seperator-line\"><\/div>\t\t\t\t\t\t<\/div>\r\n<\/div>\t\t\t\t<\/div>\n\t\t\t\t<\/div>\n\t\t<div class=\"elementor-element elementor-element-4e06419 e-con-full e-flex tm-col-stretched-none tm-bg-color-over-image e-con e-child\" data-id=\"4e06419\" data-element_type=\"container\" data-e-type=\"container\" data-settings=\"{&quot;background_background&quot;:&quot;classic&quot;}\">\n\t\t\t\t<\/div>\n\t\t<div class=\"elementor-element elementor-element-43fd742 e-con-full e-flex tm-col-stretched-none tm-bg-color-over-image e-con e-child\" data-id=\"43fd742\" data-element_type=\"container\" data-e-type=\"container\">\n\t\t\t\t<div class=\"elementor-element elementor-element-cf5035b elementor-invisible elementor-widget elementor-widget-tm-ele-iconbox\" data-id=\"cf5035b\" data-element_type=\"widget\" data-e-type=\"widget\" data-settings=\"{&quot;_animation&quot;:&quot;fadeInUp&quot;,&quot;_animation_delay&quot;:300}\" data-widget_type=\"tm-ele-iconbox.default\">\n\t\t\t\t<div class=\"elementor-widget-container\">\n\t\t\t\t\t<div class=\"tm-sc-icon-box icon-box icon-top no-icon iconbox-current-theme-style1 icon-top animate-hover icon-rotate-y\">\r\n\t\r\n  \t<div class=\"icon-box-wrapper\">\r\n\t\t\r\n\t\t\t<div class=\"icon-text\">\r\n\t\t\t\t\t\t<div class=\"content\"><p><span>Dejanos un Email<\/span><\/p><\/div>\r\n\t\t\t\r\n\t\t\t\t<h5 class=\"icon-box-title \">\r\n\t\t\t\t\t\t<a \r\n\t\t\t\t\t\t\t\thref=\"mailto:info@safetyandsis.com\">\r\n\t\t\t\tinfo@safetyandsis.com\t\t\t<\/a>\r\n\t\t\t\t\t<\/h5>\r\n\t\t\t\t\t\r\n\t\t\t\r\n\t\r\n\t\t\t\t\t<\/div>\r\n\t\t<div class=\"clearfix\"><\/div>\r\n\t<\/div>\r\n<\/div>\t\t\t\t<\/div>\n\t\t\t\t<\/div>\n\t\t\t\t<\/div>\n\t\t\t\t<\/div>\n\t\t\t\t\t<\/div>\n\t\t\t\t<\/div>\n\t\t\t\t<\/div>\n\t\t","protected":false},"excerpt":{"rendered":"<p>SILcet es una soluci\u00f3n de software avanzada para la verificaci\u00f3n del SIL\u00a0de Funciones Instrumentadas de Seguridad (SIF), desarrollada en base&#8230;<\/p>\n","protected":false},"author":2,"featured_media":8470,"parent":1280,"menu_order":0,"comment_status":"closed","ping_status":"closed","template":"","meta":{"give_campaign_id":0,"footnotes":""},"class_list":["post-8840","page","type-page","status-publish","has-post-thumbnail","hentry"],"campaignId":"","_links":{"self":[{"href":"https:\/\/positiveengineering.com\/es\/wp-json\/wp\/v2\/pages\/8840","targetHints":{"allow":["GET"]}}],"collection":[{"href":"https:\/\/positiveengineering.com\/es\/wp-json\/wp\/v2\/pages"}],"about":[{"href":"https:\/\/positiveengineering.com\/es\/wp-json\/wp\/v2\/types\/page"}],"author":[{"embeddable":true,"href":"https:\/\/positiveengineering.com\/es\/wp-json\/wp\/v2\/users\/2"}],"replies":[{"embeddable":true,"href":"https:\/\/positiveengineering.com\/es\/wp-json\/wp\/v2\/comments?post=8840"}],"version-history":[{"count":25,"href":"https:\/\/positiveengineering.com\/es\/wp-json\/wp\/v2\/pages\/8840\/revisions"}],"predecessor-version":[{"id":9031,"href":"https:\/\/positiveengineering.com\/es\/wp-json\/wp\/v2\/pages\/8840\/revisions\/9031"}],"up":[{"embeddable":true,"href":"https:\/\/positiveengineering.com\/es\/wp-json\/wp\/v2\/pages\/1280"}],"wp:featuredmedia":[{"embeddable":true,"href":"https:\/\/positiveengineering.com\/es\/wp-json\/wp\/v2\/media\/8470"}],"wp:attachment":[{"href":"https:\/\/positiveengineering.com\/es\/wp-json\/wp\/v2\/media?parent=8840"}],"curies":[{"name":"wp","href":"https:\/\/api.w.org\/{rel}","templated":true}]}}