{"id":8831,"date":"2026-02-24T03:20:43","date_gmt":"2026-02-24T03:20:43","guid":{"rendered":"https:\/\/ecstatic-euler.91-134-89-60.plesk.page\/?page_id=8831"},"modified":"2026-03-23T18:44:00","modified_gmt":"2026-03-23T18:44:00","slug":"instrumentacion","status":"publish","type":"page","link":"https:\/\/positiveengineering.com\/es\/services\/instrumentacion\/","title":{"rendered":"Instrumentaci\u00f3n"},"content":{"rendered":"\t\t<div data-elementor-type=\"wp-page\" data-elementor-id=\"8831\" class=\"elementor elementor-8831 elementor-8242\">\n\t\t\t\t<div class=\"elementor-element elementor-element-9d7db8e e-flex e-con-boxed tm-col-stretched-none tm-bg-color-over-image e-con e-parent\" data-id=\"9d7db8e\" data-element_type=\"container\" data-e-type=\"container\">\n\t\t\t\t\t<div class=\"e-con-inner\">\n\t\t<div class=\"elementor-element elementor-element-7604374 e-con-full e-flex tm-col-stretched-none tm-bg-color-over-image e-con e-child\" data-id=\"7604374\" data-element_type=\"container\" data-e-type=\"container\">\n\t\t<div class=\"elementor-element elementor-element-48ec4bc e-con-full e-flex tm-col-stretched-none tm-bg-color-over-image e-con e-child\" data-id=\"48ec4bc\" data-element_type=\"container\" data-e-type=\"container\">\n\t\t\t\t<div class=\"elementor-element elementor-element-e59a878 elementor-widget elementor-widget-text-editor\" data-id=\"e59a878\" data-element_type=\"widget\" data-e-type=\"widget\" data-widget_type=\"text-editor.default\">\n\t\t\t\t\t\t\t\t\t<p>La instrumentaci\u00f3n juega<span>\u00a0<\/span><strong>un papel fundamental en los sistemas industriales<\/strong>, ya que permite medir, monitorear y controlar variables f\u00edsicas de manera precisa y confiable.<span>\u00a0<\/span><strong>Variables<\/strong><span>\u00a0<\/span>como temperatura, presi\u00f3n, caudal, nivel son<span>\u00a0<\/span><strong>esenciales para garantizar el correcto funcionamiento, la seguridad y la eficiencia de los procesos.<\/strong><\/p><p>Asimismo, un<span>\u00a0<\/span><strong>proyecto de instrumentaci\u00f3n<\/strong><span>\u00a0<\/span>permite desarrollar habilidades pr\u00e1cticas relacionadas con la calibraci\u00f3n de instrumentos, la interpretaci\u00f3n de se\u00f1ales y el an\u00e1lisis de errores de medici\u00f3n, fomentando una visi\u00f3n integral del sistema.<\/p><p>Somos una empresa especializada en<span>\u00a0<\/span><strong>SISTEMAS DE INSTRUMENTACI\u00d3N Y ANALIZADORES<\/strong>.<\/p><p>Damos<span>\u00a0<\/span><strong>soporte a lo largo de todo el ciclo de vida del proyecto<\/strong>, actuando principalmente como<span>\u00a0<\/span><strong>consultor t\u00e9cnico del lado del cliente<\/strong>, garantizando que la ingenier\u00eda desarrollada por EPCs, integradores de sistemas y proveedores<span>\u00a0<\/span><strong>cumpla plenamente con los est\u00e1ndares internos del cliente<\/strong>, las especificaciones t\u00e9cnicas y los requisitos operativos.<\/p><p>Nuestros servicios de ingenier\u00eda abarcan<span>\u00a0<\/span><strong>todas las actividades t\u00e9cnicas<\/strong><span>\u00a0<\/span>necesarias para desarrollar un proyecto.<\/p><p><strong>Somo expertos en consultor\u00eda en Instrumentaci\u00f3n<\/strong><span>\u00a0<\/span>que abarca desde la planificaci\u00f3n y dise\u00f1o t\u00e9cnico de sistemas de medici\u00f3n y control, hasta el soporte durante implementaci\u00f3n, prueba y operaci\u00f3n, con el objetivo de asegurar que los sistemas funcionan de manera segura, eficiente y conforme a est\u00e1ndares t\u00e9cnicos y normativos.<\/p><p>Aportamos<span>\u00a0<\/span><strong>m\u00e1s de 40 a\u00f1os de experiencia en este campo<\/strong><span>\u00a0<\/span>donde nuestro principal valuarte es desarrollar mejores pr\u00e1cticas en plantas que ya est\u00e1n en funcionamiento.<\/p>\t\t\t\t\t\t\t\t<\/div>\n\t\t<div class=\"elementor-element elementor-element-2d7857d e-con-full e-flex tm-col-stretched-none tm-bg-color-over-image e-con e-child\" data-id=\"2d7857d\" data-element_type=\"container\" data-e-type=\"container\">\n\t\t<div class=\"elementor-element elementor-element-d7fb4d9 e-con-full e-flex tm-col-stretched-none tm-bg-color-over-image e-con e-child\" data-id=\"d7fb4d9\" data-element_type=\"container\" data-e-type=\"container\">\n\t\t\t\t<div class=\"elementor-element elementor-element-f176aa1 elementor-widget elementor-widget-image\" data-id=\"f176aa1\" data-element_type=\"widget\" data-e-type=\"widget\" data-widget_type=\"image.default\">\n\t\t\t\t\t\t\t\t\t\t\t\t\t\t\t<img fetchpriority=\"high\" decoding=\"async\" width=\"1024\" height=\"728\" src=\"https:\/\/positiveengineering.com\/wp-content\/uploads\/2026\/03\/instrumentetion-Engineering-Services-1024x728.jpg\" class=\"attachment-large size-large wp-image-8835\" alt=\"\" srcset=\"https:\/\/positiveengineering.com\/wp-content\/uploads\/2026\/03\/instrumentetion-Engineering-Services-1024x728.jpg 1024w, https:\/\/positiveengineering.com\/wp-content\/uploads\/2026\/03\/instrumentetion-Engineering-Services-300x213.jpg 300w, https:\/\/positiveengineering.com\/wp-content\/uploads\/2026\/03\/instrumentetion-Engineering-Services-768x546.jpg 768w, https:\/\/positiveengineering.com\/wp-content\/uploads\/2026\/03\/instrumentetion-Engineering-Services-600x426.jpg 600w, https:\/\/positiveengineering.com\/wp-content\/uploads\/2026\/03\/instrumentetion-Engineering-Services.jpg 1216w\" sizes=\"(max-width: 1024px) 100vw, 1024px\" \/>\t\t\t\t\t\t\t\t\t\t\t\t\t\t\t<\/div>\n\t\t\t\t<div class=\"elementor-element elementor-element-4c7a78c elementor-widget elementor-widget-heading\" data-id=\"4c7a78c\" data-element_type=\"widget\" data-e-type=\"widget\" data-widget_type=\"heading.default\">\n\t\t\t\t\t<h2 class=\"elementor-heading-title elementor-size-default\">Servicios de Ingenier\u00eda<\/h2>\t\t\t\t<\/div>\n\t\t\t\t<div class=\"elementor-element elementor-element-9250f2a elementor-widget elementor-widget-text-editor\" data-id=\"9250f2a\" data-element_type=\"widget\" data-e-type=\"widget\" data-widget_type=\"text-editor.default\">\n\t\t\t\t\t\t\t\t\t<p>Estos servicios abarcan <strong>todas las actividades t\u00e9cnicas necesarias para dise\u00f1ar, especificar, planificar, documentar, integrar y poner en marcha los sistemas de medici\u00f3n y control.<\/strong> Prestamos servicios desde las fases iniciales hasta el comisionamiento y puesta en marcha.<\/p><p><strong>Apoyamos a los clientes<\/strong> mediante la elaboraci\u00f3n, actualizaci\u00f3n o revisi\u00f3n de la documentaci\u00f3n necesaria.<\/p><p>Las <strong>actividades t\u00edpicas de ingenier\u00eda<\/strong> incluyen, entre otras:<\/p><ul><li><strong>Ingenier\u00eda Conceptual y b\u00e1sica:<\/strong><\/li><\/ul><p>Definici\u00f3n (elaborados por otros) de los objetivos del proyecto y necesidades del cliente.<\/p><p>Revisi\u00f3n de los diagramas de proceso y esquemas iniciales (p. ej., P&amp;ID \u2013 diagramas de tuber\u00edas e instrumentaci\u00f3n).<br \/>Estudios de viabilidad t\u00e9cnica (parte de Instrumentaci\u00f3n).<\/p><ul><li><strong>Ingenier\u00eda de detalle:<\/strong><\/li><\/ul><p>Desarrollo de toda la documentaci\u00f3n t\u00e9cnica que permite ejecutar la instalaci\u00f3n, entre otros:<\/p><ul><li style=\"list-style-type: none;\"><ul><li>Listados completos de instrumentos y sensores (instrument index).<\/li><li>Fichas t\u00e9cnicas de instrumentos (Hojas de datos).<\/li><li>Diagramas de lazos y l\u00f3gica de control.<\/li><li>Planos de cableado, rutas de bandejas y conexiones (hook-up).<\/li><li>Realizaci\u00f3n de las especificaciones y hojas de datos de la instrumentaci\u00f3n asociada.<\/li><li>Selecci\u00f3n, tama\u00f1o y Especificaci\u00f3n de instrumentos, analizadores de proceso y CEMs.<\/li><li>Tabulaciones y soporte a compras<\/li><\/ul><\/li><\/ul><ul><li><strong>Comisionado y puesta en marcha:<\/strong><\/li><\/ul><ul><li style=\"list-style-type: none;\"><ul><li>Supervisi\u00f3n t\u00e9cnica de la instalaci\u00f3n y montaje de los instrumentos en campo, verificando que se cumplan las especificaciones de dise\u00f1o y normas aplicables.<\/li><li>Pruebas de lazos y se\u00f1ales.<\/li><li>Calibraci\u00f3n de instrumentos.<\/li><\/ul><\/li><\/ul><ul><li style=\"list-style-type: none;\"><ul><li>Verificaci\u00f3n de par\u00e1metros de control.<\/li><li>Listas de faltas<\/li><li>Soporte durante la puesta en marcha<\/li><li>Soporte a mantenimiento durante las primeras semanas de funcionamiento<\/li><\/ul><\/li><\/ul>\t\t\t\t\t\t\t\t<\/div>\n\t\t\t\t<\/div>\n\t\t<div class=\"elementor-element elementor-element-8700676 e-con-full e-flex tm-col-stretched-none tm-bg-color-over-image e-con e-child\" data-id=\"8700676\" data-element_type=\"container\" data-e-type=\"container\">\n\t\t\t\t<div class=\"elementor-element elementor-element-1400cc6 elementor-widget elementor-widget-image\" data-id=\"1400cc6\" data-element_type=\"widget\" data-e-type=\"widget\" data-widget_type=\"image.default\">\n\t\t\t\t\t\t\t\t\t\t\t\t\t\t\t<img decoding=\"async\" width=\"1024\" height=\"574\" src=\"https:\/\/positiveengineering.com\/wp-content\/uploads\/2026\/03\/INSTRUMENTATION-Consulting-1024x574.jpg\" class=\"attachment-large size-large wp-image-8836\" alt=\"\" srcset=\"https:\/\/positiveengineering.com\/wp-content\/uploads\/2026\/03\/INSTRUMENTATION-Consulting-1024x574.jpg 1024w, https:\/\/positiveengineering.com\/wp-content\/uploads\/2026\/03\/INSTRUMENTATION-Consulting-300x168.jpg 300w, https:\/\/positiveengineering.com\/wp-content\/uploads\/2026\/03\/INSTRUMENTATION-Consulting-768x430.jpg 768w, https:\/\/positiveengineering.com\/wp-content\/uploads\/2026\/03\/INSTRUMENTATION-Consulting-1536x861.jpg 1536w, https:\/\/positiveengineering.com\/wp-content\/uploads\/2026\/03\/INSTRUMENTATION-Consulting-600x336.jpg 600w, https:\/\/positiveengineering.com\/wp-content\/uploads\/2026\/03\/INSTRUMENTATION-Consulting.jpg 1542w\" sizes=\"(max-width: 1024px) 100vw, 1024px\" \/>\t\t\t\t\t\t\t\t\t\t\t\t\t\t\t<\/div>\n\t\t\t\t<div class=\"elementor-element elementor-element-1c9b481 elementor-widget elementor-widget-heading\" data-id=\"1c9b481\" data-element_type=\"widget\" data-e-type=\"widget\" data-widget_type=\"heading.default\">\n\t\t\t\t\t<h2 class=\"elementor-heading-title elementor-size-default\">Servicios especializados de Consultor\u00eda<\/h2>\t\t\t\t<\/div>\n\t\t\t\t<div class=\"elementor-element elementor-element-de7f259 elementor-widget elementor-widget-text-editor\" data-id=\"de7f259\" data-element_type=\"widget\" data-e-type=\"widget\" data-widget_type=\"text-editor.default\">\n\t\t\t\t\t\t\t\t\t<p>Estos servicios <strong>se centran en la supervisi\u00f3n t\u00e9cnica, la revisi\u00f3n y el soporte a la toma de decisiones en representaci\u00f3n del propietario del activo<\/strong>, garantizando el pleno cumplimiento de los est\u00e1ndares del cliente, las especificaciones del proyecto y las mejores pr\u00e1cticas de ingenier\u00eda, adem\u00e1s de la asesor\u00eda t\u00e9cnica y soporte durante los primeros periodos de operaci\u00f3n.<\/p><p><strong>Disponemos de servicios especializados de consultor\u00eda<\/strong> orientados a optimizar, dise\u00f1ar, implantar y mejorar sistemas de medici\u00f3n, control y automatizaci\u00f3n. Estas consultor\u00edas aportan conocimientos t\u00e9cnicos avanzados y experiencia pr\u00e1ctica que ayudan a nuestros clientes a resolver problemas complejos, garantizar la seguridad, cumplir normas y aumentar la eficiencia operativa.<\/p><p><strong>Nuestros principales servicios en consultor\u00eda<\/strong> son:<\/p><ul><li>An\u00e1lisis y dise\u00f1o de sistemas de Instrumentaci\u00f3n<\/li><li>Evaluaci\u00f3n y planificaci\u00f3n de sistemas de medici\u00f3n y control para procesos industriales.<\/li><li>Definici\u00f3n de criterios de dise\u00f1o, arquitectura de control y lazos de instrumentaci\u00f3n.<\/li><li>Estimaci\u00f3n de costes, tiempos y recursos necesarios para proyectos de instrumentaci\u00f3n y control.<\/li><li>Apoyo en la planificaci\u00f3n, cronogramas y gesti\u00f3n del proyecto completo.<\/li><li>Apoyo en el desarrollo de criterios de dise\u00f1o e integraci\u00f3n de disciplinas.<\/li><li>Optimizaci\u00f3n, resoluci\u00f3n de problemas y mantenimiento<\/li><li>Diagn\u00f3stico de fallos, an\u00e1lisis de causa ra\u00edz y recomendaciones de mejora.<\/li><li>Optimizaci\u00f3n de sistemas de Instrumentaci\u00f3n existentes y mejora de la eficiencia del proceso.<\/li><li>Asesor\u00eda complementaria y formaci\u00f3n<\/li><\/ul><ul><li>Orientaci\u00f3n sobre mejores pr\u00e1cticas de instrumentaci\u00f3n y Analizadores.<\/li><li>Formaci\u00f3n: Capacitaci\u00f3n t\u00e9cnica al personal del cliente sobre operaci\u00f3n y mantenimiento de sistemas de instrumentaci\u00f3n.<\/li><li>Asistencia a pruebas FAT y SAT<\/li><\/ul>\t\t\t\t\t\t\t\t<\/div>\n\t\t\t\t<\/div>\n\t\t\t\t<\/div>\n\t\t\t\t<\/div>\n\t\t\t\t<\/div>\n\t\t\t\t\t<\/div>\n\t\t\t\t<\/div>\n\t\t\t\t<\/div>\n\t\t","protected":false},"excerpt":{"rendered":"<p>La instrumentaci\u00f3n juega\u00a0un papel fundamental en los sistemas industriales, ya que permite medir, monitorear y controlar variables f\u00edsicas de manera&#8230;<\/p>\n","protected":false},"author":2,"featured_media":8588,"parent":1280,"menu_order":0,"comment_status":"closed","ping_status":"closed","template":"","meta":{"give_campaign_id":0,"footnotes":""},"class_list":["post-8831","page","type-page","status-publish","has-post-thumbnail","hentry"],"campaignId":"","_links":{"self":[{"href":"https:\/\/positiveengineering.com\/es\/wp-json\/wp\/v2\/pages\/8831","targetHints":{"allow":["GET"]}}],"collection":[{"href":"https:\/\/positiveengineering.com\/es\/wp-json\/wp\/v2\/pages"}],"about":[{"href":"https:\/\/positiveengineering.com\/es\/wp-json\/wp\/v2\/types\/page"}],"author":[{"embeddable":true,"href":"https:\/\/positiveengineering.com\/es\/wp-json\/wp\/v2\/users\/2"}],"replies":[{"embeddable":true,"href":"https:\/\/positiveengineering.com\/es\/wp-json\/wp\/v2\/comments?post=8831"}],"version-history":[{"count":4,"href":"https:\/\/positiveengineering.com\/es\/wp-json\/wp\/v2\/pages\/8831\/revisions"}],"predecessor-version":[{"id":8839,"href":"https:\/\/positiveengineering.com\/es\/wp-json\/wp\/v2\/pages\/8831\/revisions\/8839"}],"up":[{"embeddable":true,"href":"https:\/\/positiveengineering.com\/es\/wp-json\/wp\/v2\/pages\/1280"}],"wp:featuredmedia":[{"embeddable":true,"href":"https:\/\/positiveengineering.com\/es\/wp-json\/wp\/v2\/media\/8588"}],"wp:attachment":[{"href":"https:\/\/positiveengineering.com\/es\/wp-json\/wp\/v2\/media?parent=8831"}],"curies":[{"name":"wp","href":"https:\/\/api.w.org\/{rel}","templated":true}]}}