{"id":8820,"date":"2026-02-24T02:50:05","date_gmt":"2026-02-24T02:50:05","guid":{"rendered":"https:\/\/ecstatic-euler.91-134-89-60.plesk.page\/?page_id=8820"},"modified":"2026-03-23T18:43:25","modified_gmt":"2026-03-23T18:43:25","slug":"seguridad-funcional","status":"publish","type":"page","link":"https:\/\/positiveengineering.com\/es\/services\/seguridad-funcional\/","title":{"rendered":"Seguridad Funcional"},"content":{"rendered":"\t\t<div data-elementor-type=\"wp-page\" data-elementor-id=\"8820\" class=\"elementor elementor-8820 elementor-8233\">\n\t\t\t\t<div class=\"elementor-element elementor-element-9d7db8e e-flex e-con-boxed tm-col-stretched-none tm-bg-color-over-image e-con e-parent\" data-id=\"9d7db8e\" data-element_type=\"container\" data-e-type=\"container\">\n\t\t\t\t\t<div class=\"e-con-inner\">\n\t\t<div class=\"elementor-element elementor-element-7604374 e-con-full e-flex tm-col-stretched-none tm-bg-color-over-image e-con e-child\" data-id=\"7604374\" data-element_type=\"container\" data-e-type=\"container\">\n\t\t<div class=\"elementor-element elementor-element-48ec4bc e-con-full e-flex tm-col-stretched-none tm-bg-color-over-image e-con e-child\" data-id=\"48ec4bc\" data-element_type=\"container\" data-e-type=\"container\">\n\t\t\t\t<div class=\"elementor-element elementor-element-3cac509 elementor-widget elementor-widget-text-editor\" data-id=\"3cac509\" data-element_type=\"widget\" data-e-type=\"widget\" data-widget_type=\"text-editor.default\">\n\t\t\t\t\t\t\t\t\t<p>Somos<span>\u00a0<\/span><strong>expertos en Seguridad Funcional para la industria de procesos<\/strong>, dando soporte a operadores de oil &amp; gas, petroqu\u00edmica y de otros sectores mediante servicios de ingenier\u00eda independientes y orientados al ciclo de vida. Nuestra misi\u00f3n es garantizar el cumplimiento normativo y proporcionar una<span>\u00a0<\/span><strong>reducci\u00f3n de riesgos efectiva para proteger a las personas, los activos y el medio ambiente.<\/strong><\/p><p>Con m\u00e1s de 30 a\u00f1os de experiencia combinada en instalaciones de proceso de alto riesgo, actuamos como socio estrat\u00e9gico en consultor\u00eda e ingenier\u00eda de Seguridad Funcional. Nuestro trabajo abarca desde las primeras fases del proyecto hasta plantas en operaci\u00f3n, asegurando que las Funciones Instrumentadas de Seguridad (SIF) est\u00e9n correctamente especificadas, verificadas y mantenidas a lo largo de todo su ciclo de vida.<\/p><p>Nuestra metodolog\u00eda se basa en un conocimiento profundo de las normas internacionales, el uso de herramientas especializadas y un enfoque adaptado a cada cliente. Proporcionamos asesoramiento imparcial, resolvemos retos complejos de seguridad y damos soporte en auditor\u00edas, revisiones, implantaci\u00f3n de est\u00e1ndares de Seguridad Funcional y en la mejora continua de la seguridad de las plantas, ofreciendo apoyo a corto, medio y largo plazo, adaptado a las necesidades operativas.<\/p>\t\t\t\t\t\t\t\t<\/div>\n\t\t<div class=\"elementor-element elementor-element-2d7857d e-con-full e-flex tm-col-stretched-none tm-bg-color-over-image e-con e-child\" data-id=\"2d7857d\" data-element_type=\"container\" data-e-type=\"container\">\n\t\t<div class=\"elementor-element elementor-element-d7fb4d9 e-con-full e-flex tm-col-stretched-none tm-bg-color-over-image e-con e-child\" data-id=\"d7fb4d9\" data-element_type=\"container\" data-e-type=\"container\">\n\t\t\t\t<div class=\"elementor-element elementor-element-f176aa1 elementor-widget elementor-widget-image\" data-id=\"f176aa1\" data-element_type=\"widget\" data-e-type=\"widget\" data-widget_type=\"image.default\">\n\t\t\t\t\t\t\t\t\t\t\t\t\t\t\t<img fetchpriority=\"high\" decoding=\"async\" width=\"1024\" height=\"574\" src=\"https:\/\/positiveengineering.com\/wp-content\/uploads\/2026\/03\/engineerin-service-abajo-a-la-izquierda-1024x574.jpg\" class=\"attachment-large size-large wp-image-8826\" alt=\"\" srcset=\"https:\/\/positiveengineering.com\/wp-content\/uploads\/2026\/03\/engineerin-service-abajo-a-la-izquierda-1024x574.jpg 1024w, https:\/\/positiveengineering.com\/wp-content\/uploads\/2026\/03\/engineerin-service-abajo-a-la-izquierda-300x168.jpg 300w, https:\/\/positiveengineering.com\/wp-content\/uploads\/2026\/03\/engineerin-service-abajo-a-la-izquierda-768x430.jpg 768w, https:\/\/positiveengineering.com\/wp-content\/uploads\/2026\/03\/engineerin-service-abajo-a-la-izquierda-1536x861.jpg 1536w, https:\/\/positiveengineering.com\/wp-content\/uploads\/2026\/03\/engineerin-service-abajo-a-la-izquierda-600x336.jpg 600w, https:\/\/positiveengineering.com\/wp-content\/uploads\/2026\/03\/engineerin-service-abajo-a-la-izquierda.jpg 1542w\" sizes=\"(max-width: 1024px) 100vw, 1024px\" \/>\t\t\t\t\t\t\t\t\t\t\t\t\t\t\t<\/div>\n\t\t\t\t<div class=\"elementor-element elementor-element-4c7a78c elementor-widget elementor-widget-heading\" data-id=\"4c7a78c\" data-element_type=\"widget\" data-e-type=\"widget\" data-widget_type=\"heading.default\">\n\t\t\t\t\t<h2 class=\"elementor-heading-title elementor-size-default\">Servicios de Ingenier\u00eda<\/h2>\t\t\t\t<\/div>\n\t\t\t\t<div class=\"elementor-element elementor-element-9250f2a elementor-widget elementor-widget-text-editor\" data-id=\"9250f2a\" data-element_type=\"widget\" data-e-type=\"widget\" data-widget_type=\"text-editor.default\">\n\t\t\t\t\t\t\t\t\t<p>Nuestros servicios de ingenier\u00eda cubren la<span>\u00a0<\/span><strong>evaluaci\u00f3n, especificaci\u00f3n, dise\u00f1o y verificaci\u00f3n<\/strong><span>\u00a0<\/span>de los sistemas de<span>\u00a0<\/span><strong>Seguridad Funcional<\/strong><span>\u00a0<\/span>a lo largo de todo el<span>\u00a0<\/span><strong>ciclo de vida del SIS<\/strong>, incluyendo:<\/p><ul><li>Identificaci\u00f3n de peligros y an\u00e1lisis de riesgos mediante la metodolog\u00eda HAZOP.<\/li><li>Determinaci\u00f3n del SIL y asignaci\u00f3n de reducci\u00f3n de riesgo utilizando las metodolog\u00edas de Risk Graph, Risk Matrix y LOPA.<\/li><li>Representaci\u00f3n del cliente y soporte t\u00e9cnico durante estudios HAZOP y SIL.<\/li><li>Revisi\u00f3n independiente de estudios HAZOP, determinaci\u00f3n del SIL y estudios de Seguridad Funcional realizados por terceros.<\/li><li>Desarrollo de la Especificaci\u00f3n de Requisitos de Seguridad (SRS).<\/li><li>Verificaci\u00f3n del SIL y evaluaci\u00f3n de arquitecturas de sistemas relacionados con la seguridad.<\/li><li>Preparaci\u00f3n de protocolos de Factory Acceptance Test (FAT) y Site Acceptance Test (SAT) para SIS.<\/li><li>Desarrollo de especificaciones y procedimientos de Seguridad Funcional.<\/li><\/ul>\t\t\t\t\t\t\t\t<\/div>\n\t\t\t\t<\/div>\n\t\t<div class=\"elementor-element elementor-element-8700676 e-con-full e-flex tm-col-stretched-none tm-bg-color-over-image e-con e-child\" data-id=\"8700676\" data-element_type=\"container\" data-e-type=\"container\">\n\t\t\t\t<div class=\"elementor-element elementor-element-1400cc6 elementor-widget elementor-widget-image\" data-id=\"1400cc6\" data-element_type=\"widget\" data-e-type=\"widget\" data-widget_type=\"image.default\">\n\t\t\t\t\t\t\t\t\t\t\t\t\t\t\t<img decoding=\"async\" width=\"1024\" height=\"575\" src=\"https:\/\/positiveengineering.com\/wp-content\/uploads\/2026\/03\/specilized-consultinng-services-1024x575.jpg\" class=\"attachment-large size-large wp-image-8827\" alt=\"\" srcset=\"https:\/\/positiveengineering.com\/wp-content\/uploads\/2026\/03\/specilized-consultinng-services-1024x575.jpg 1024w, https:\/\/positiveengineering.com\/wp-content\/uploads\/2026\/03\/specilized-consultinng-services-300x169.jpg 300w, https:\/\/positiveengineering.com\/wp-content\/uploads\/2026\/03\/specilized-consultinng-services-768x431.jpg 768w, https:\/\/positiveengineering.com\/wp-content\/uploads\/2026\/03\/specilized-consultinng-services-1536x863.jpg 1536w, https:\/\/positiveengineering.com\/wp-content\/uploads\/2026\/03\/specilized-consultinng-services-600x337.jpg 600w, https:\/\/positiveengineering.com\/wp-content\/uploads\/2026\/03\/specilized-consultinng-services.jpg 1538w\" sizes=\"(max-width: 1024px) 100vw, 1024px\" \/>\t\t\t\t\t\t\t\t\t\t\t\t\t\t\t<\/div>\n\t\t\t\t<div class=\"elementor-element elementor-element-1c9b481 elementor-widget elementor-widget-heading\" data-id=\"1c9b481\" data-element_type=\"widget\" data-e-type=\"widget\" data-widget_type=\"heading.default\">\n\t\t\t\t\t<h2 class=\"elementor-heading-title elementor-size-default\">Servicios especializados de Consultor\u00eda<\/h2>\t\t\t\t<\/div>\n\t\t\t\t<div class=\"elementor-element elementor-element-de7f259 elementor-widget elementor-widget-text-editor\" data-id=\"de7f259\" data-element_type=\"widget\" data-e-type=\"widget\" data-widget_type=\"text-editor.default\">\n\t\t\t\t\t\t\t\t\t<p>Prestamos<span>\u00a0<\/span><strong>servicios de consultor\u00eda altamente especializados en Seguridad Funcional<\/strong><span>\u00a0<\/span>para apoyar el<span>\u00a0<\/span><strong>cumplimiento normativo<\/strong><span>\u00a0<\/span>y mejorar la<span>\u00a0<\/span><strong>gesti\u00f3n del riesgo<\/strong><span>\u00a0<\/span>en la<span>\u00a0<\/span><strong>industria de procesos<\/strong>, incluyendo:<\/p><ul><li>Dise\u00f1o y especificaci\u00f3n de Funciones Instrumentadas de Seguridad (SIF) y Sistemas Instrumentados de Seguridad (SIS).<\/li><li>Soporte en Factory Acceptance Test (FAT) y Site Acceptance Test (SAT) de sistemas SIS.<\/li><li>Desarrollo de documentaci\u00f3n de gesti\u00f3n de la Seguridad Funcional, procedimientos y protocolos de prueba.<\/li><li>Soporte en la implantaci\u00f3n y aplicaci\u00f3n de la norma IEC 61511 a lo largo de todas las fases del ciclo de vida.<\/li><li>Soporte en la validaci\u00f3n y puesta en marcha de Funciones Instrumentadas de Seguridad.<\/li><li>Evaluaciones de Seguridad Funcional independientes (FSA) de acuerdo con IEC 61511.<\/li><li>Soporte en Seguridad Funcional durante la operaci\u00f3n, modificaciones y la gesti\u00f3n del cambio (MoC).<\/li><\/ul>\t\t\t\t\t\t\t\t<\/div>\n\t\t\t\t<\/div>\n\t\t\t\t<\/div>\n\t\t\t\t<\/div>\n\t\t\t\t<\/div>\n\t\t\t\t\t<\/div>\n\t\t\t\t<\/div>\n\t\t\t\t<\/div>\n\t\t","protected":false},"excerpt":{"rendered":"<p>Somos\u00a0expertos en Seguridad Funcional para la industria de procesos, dando soporte a operadores de oil &amp; gas, petroqu\u00edmica y de&#8230;<\/p>\n","protected":false},"author":2,"featured_media":8582,"parent":1280,"menu_order":0,"comment_status":"closed","ping_status":"closed","template":"","meta":{"give_campaign_id":0,"footnotes":""},"class_list":["post-8820","page","type-page","status-publish","has-post-thumbnail","hentry"],"campaignId":"","_links":{"self":[{"href":"https:\/\/positiveengineering.com\/es\/wp-json\/wp\/v2\/pages\/8820","targetHints":{"allow":["GET"]}}],"collection":[{"href":"https:\/\/positiveengineering.com\/es\/wp-json\/wp\/v2\/pages"}],"about":[{"href":"https:\/\/positiveengineering.com\/es\/wp-json\/wp\/v2\/types\/page"}],"author":[{"embeddable":true,"href":"https:\/\/positiveengineering.com\/es\/wp-json\/wp\/v2\/users\/2"}],"replies":[{"embeddable":true,"href":"https:\/\/positiveengineering.com\/es\/wp-json\/wp\/v2\/comments?post=8820"}],"version-history":[{"count":4,"href":"https:\/\/positiveengineering.com\/es\/wp-json\/wp\/v2\/pages\/8820\/revisions"}],"predecessor-version":[{"id":8830,"href":"https:\/\/positiveengineering.com\/es\/wp-json\/wp\/v2\/pages\/8820\/revisions\/8830"}],"up":[{"embeddable":true,"href":"https:\/\/positiveengineering.com\/es\/wp-json\/wp\/v2\/pages\/1280"}],"wp:featuredmedia":[{"embeddable":true,"href":"https:\/\/positiveengineering.com\/es\/wp-json\/wp\/v2\/media\/8582"}],"wp:attachment":[{"href":"https:\/\/positiveengineering.com\/es\/wp-json\/wp\/v2\/media?parent=8820"}],"curies":[{"name":"wp","href":"https:\/\/api.w.org\/{rel}","templated":true}]}}