{"id":8796,"date":"2026-02-24T01:04:16","date_gmt":"2026-02-24T01:04:16","guid":{"rendered":"https:\/\/ecstatic-euler.91-134-89-60.plesk.page\/?page_id=8796"},"modified":"2026-03-10T15:49:01","modified_gmt":"2026-03-10T15:49:01","slug":"sistemas-de-control","status":"publish","type":"page","link":"https:\/\/positiveengineering.com\/es\/services\/sistemas-de-control\/","title":{"rendered":"Sistemas de Control"},"content":{"rendered":"\t\t<div data-elementor-type=\"wp-page\" data-elementor-id=\"8796\" class=\"elementor elementor-8796 elementor-8214\">\n\t\t\t\t<div class=\"elementor-element elementor-element-9d7db8e e-flex e-con-boxed tm-col-stretched-none tm-bg-color-over-image e-con e-parent\" data-id=\"9d7db8e\" data-element_type=\"container\" data-e-type=\"container\">\n\t\t\t\t\t<div class=\"e-con-inner\">\n\t\t<div class=\"elementor-element elementor-element-7604374 e-con-full e-flex tm-col-stretched-none tm-bg-color-over-image e-con e-child\" data-id=\"7604374\" data-element_type=\"container\" data-e-type=\"container\">\n\t\t<div class=\"elementor-element elementor-element-48ec4bc e-con-full e-flex tm-col-stretched-none tm-bg-color-over-image e-con e-child\" data-id=\"48ec4bc\" data-element_type=\"container\" data-e-type=\"container\">\n\t\t\t\t<div class=\"elementor-element elementor-element-4c7f73c elementor-widget elementor-widget-text-editor\" data-id=\"4c7f73c\" data-element_type=\"widget\" data-e-type=\"widget\" data-widget_type=\"text-editor.default\">\n\t\t\t\t\t\t\t\t\t<p>Positive Engineering es una empresa especializada en <strong>Control e Instrumentaci\u00f3n (C&amp;I) y Tecnolog\u00edas de Operaci\u00f3n (OT) para entornos industriales<\/strong>, incluyendo DCS, PLC, SIS, F&amp;G, MMS y redes OT industriales.<\/p><p>Damos soporte a propietarios de activos y operadores <strong>a lo largo de todo el ciclo de vida del proyecto<\/strong>, actuando principalmente como <strong>consultor t\u00e9cnico del lado del cliente<\/strong>, garantizando que la ingenier\u00eda desarrollada por EPCs, integradores de sistemas y proveedores cumpla plenamente con los est\u00e1ndares internos del cliente, las especificaciones t\u00e9cnicas y los requisitos operativos.<\/p><p>Prestamos <strong>apoyo en todas las fases de ingenier\u00eda, incluyendo Ingenier\u00eda Conceptual, FEED, Ingenier\u00eda B\u00e1sica e Ingenier\u00eda de Detalle<\/strong>, fundamentalmente desde un rol t\u00e9cnico, de supervisi\u00f3n y de aseguramiento de la calidad por parte del cliente.<\/p><p>Nuestra fortaleza reside en un <strong>conocimiento profundo de los sistemas de control industrial<\/strong>, los <strong>entornos OT<\/strong>, las <strong>arquitecturas de automatizaci\u00f3n<\/strong> y la <strong>operaci\u00f3n de plantas<\/strong>, lo que nos permite <strong>revisar, cuestionar y mejorar<\/strong> soluciones de ingenier\u00eda complejas desarrolladas por terceros, <strong>protegiendo siempre los intereses t\u00e9cnicos del cliente<\/strong>.<\/p><p>Adicionalmente, proporcionamos <strong>soporte de ingenier\u00eda especializado<\/strong> para <strong>revamping<\/strong>, <strong>modificaciones de sistemas<\/strong> y <strong>migraciones de sistemas de control<\/strong>, definiendo y documentando los <strong>cambios t\u00e9cnicos necesarios<\/strong> sobre sistemas existentes.<\/p><p>Contamos con <strong>s\u00f3lida experiencia en FAT, SAT, puesta en marcha y arranque<\/strong>, apoyando activamente a los clientes durante las <strong>fases cr\u00edticas del proyecto<\/strong>, tanto <strong>en campo<\/strong> como <strong>en remoto<\/strong>.<\/p>\t\t\t\t\t\t\t\t<\/div>\n\t\t<div class=\"elementor-element elementor-element-2d7857d e-con-full e-flex tm-col-stretched-none tm-bg-color-over-image e-con e-child\" data-id=\"2d7857d\" data-element_type=\"container\" data-e-type=\"container\">\n\t\t<div class=\"elementor-element elementor-element-d7fb4d9 e-con-full e-flex tm-col-stretched-none tm-bg-color-over-image e-con e-child\" data-id=\"d7fb4d9\" data-element_type=\"container\" data-e-type=\"container\">\n\t\t\t\t<div class=\"elementor-element elementor-element-f176aa1 elementor-widget elementor-widget-image\" data-id=\"f176aa1\" data-element_type=\"widget\" data-e-type=\"widget\" data-widget_type=\"image.default\">\n\t\t\t\t\t\t\t\t\t\t\t\t\t\t\t<img fetchpriority=\"high\" decoding=\"async\" width=\"740\" height=\"493\" src=\"https:\/\/positiveengineering.com\/wp-content\/uploads\/2026\/02\/longitud-total-guapo-supervisor-caucasico-traje-casco-cabeza-tableta-manos-caminar-planta-energia-interior_232070-2766.jpg\" class=\"attachment-large size-large wp-image-8687\" alt=\"\" srcset=\"https:\/\/positiveengineering.com\/wp-content\/uploads\/2026\/02\/longitud-total-guapo-supervisor-caucasico-traje-casco-cabeza-tableta-manos-caminar-planta-energia-interior_232070-2766.jpg 740w, https:\/\/positiveengineering.com\/wp-content\/uploads\/2026\/02\/longitud-total-guapo-supervisor-caucasico-traje-casco-cabeza-tableta-manos-caminar-planta-energia-interior_232070-2766-300x200.jpg 300w, https:\/\/positiveengineering.com\/wp-content\/uploads\/2026\/02\/longitud-total-guapo-supervisor-caucasico-traje-casco-cabeza-tableta-manos-caminar-planta-energia-interior_232070-2766-672x448.jpg 672w, https:\/\/positiveengineering.com\/wp-content\/uploads\/2026\/02\/longitud-total-guapo-supervisor-caucasico-traje-casco-cabeza-tableta-manos-caminar-planta-energia-interior_232070-2766-600x400.jpg 600w\" sizes=\"(max-width: 740px) 100vw, 740px\" \/>\t\t\t\t\t\t\t\t\t\t\t\t\t\t\t<\/div>\n\t\t\t\t<div class=\"elementor-element elementor-element-4c7a78c elementor-widget elementor-widget-heading\" data-id=\"4c7a78c\" data-element_type=\"widget\" data-e-type=\"widget\" data-widget_type=\"heading.default\">\n\t\t\t\t\t<h2 class=\"elementor-heading-title elementor-size-default\">Servicios de Ingenier\u00eda<\/h2>\t\t\t\t<\/div>\n\t\t\t\t<div class=\"elementor-element elementor-element-8000c70 elementor-widget elementor-widget-text-editor\" data-id=\"8000c70\" data-element_type=\"widget\" data-e-type=\"widget\" data-widget_type=\"text-editor.default\">\n\t\t\t\t\t\t\t\t\t<p>Apoyamos a los clientes mediante la<span>\u00a0<\/span><strong>elaboraci\u00f3n, actualizaci\u00f3n o revisi\u00f3n de la documentaci\u00f3n necesaria<\/strong>, garantizando una<span>\u00a0<\/span><strong>implementaci\u00f3n segura y eficaz<\/strong>.<\/p><p>Las actividades t\u00edpicas de ingenier\u00eda incluyen, entre otras:<\/p><ul><li><span>Definici\u00f3n y documentaci\u00f3n de los cambios requeridos para modificaciones de sistemas de control y proyectos de revamping.<\/span><\/li><li><span>Propuesta de filosof\u00edas de control actualizadas y soluciones t\u00e9cnicas para nuevas funcionalidades.<\/span><\/li><li><span>Preparaci\u00f3n o revisi\u00f3n de documentaci\u00f3n de ingenier\u00eda, como por ejemplo:<\/span><ul><li><span>Arquitectura del Sistema de Control (DCS, ESD, PLC)<\/span><\/li><li><span>Narrativas de Control<\/span><\/li><li><span>Narrativas de salvaguardas<\/span><\/li><li><span>FDS (Functional Design Specification)<\/span><\/li><li><span>Definici\u00f3n de hardware de sistemas de control (DCS, PLC, SCADA, ESD, SIS)<\/span><\/li><li><span>Lista de E\/S (I\/O List)<\/span><\/li><li><span>Lista de Cables<\/span><\/li><li><span>ILDs (Diagramas de Lazo de Instrumentaci\u00f3n)<\/span><\/li><li><span>Lista de Alarmas<\/span><\/li><li>Esquemas de Interconexi\u00f3n (cajas de conexiones, multicables, etc.)<\/li><li><span>Esquemas de Control (lazos de control simples y complejos)<\/span><\/li><li><span>Diagramas l\u00f3gicos para enclavamientos, controles todo\/nada, secuencias, etc.<\/span><\/li><li><span>Matrices de Causa y Efecto (enclavamientos)<\/span><\/li><li><span>Pantallas de DCS<\/span><\/li><\/ul><\/li><li><span>Definici\u00f3n t\u00e9cnica y soporte t\u00e9cnico en proyectos de actualizaci\u00f3n, migraci\u00f3n y modernizaci\u00f3n de sistemas de control.<\/span><\/li><li><span>Propuesta y soporte t\u00e9cnico para modificaciones relacionadas con OT (como redes, armarios, aspectos de integraci\u00f3n de sistemas, entre otros).<\/span><\/li><li><span>Colaboraci\u00f3n estrecha con los programadores de sistemas de control para asegurar una implementaci\u00f3n correcta.<\/span><\/li><li><span>Participaci\u00f3n activa en FAT, SAT, puesta en marcha y arranque en proyectos de revamping y migraci\u00f3n<\/span><\/li><\/ul>\t\t\t\t\t\t\t\t<\/div>\n\t\t\t\t<\/div>\n\t\t<div class=\"elementor-element elementor-element-8700676 e-con-full e-flex tm-col-stretched-none tm-bg-color-over-image e-con e-child\" data-id=\"8700676\" data-element_type=\"container\" data-e-type=\"container\">\n\t\t\t\t<div class=\"elementor-element elementor-element-1400cc6 elementor-widget elementor-widget-image\" data-id=\"1400cc6\" data-element_type=\"widget\" data-e-type=\"widget\" data-widget_type=\"image.default\">\n\t\t\t\t\t\t\t\t\t\t\t\t\t\t\t<img decoding=\"async\" width=\"740\" height=\"493\" src=\"https:\/\/positiveengineering.com\/wp-content\/uploads\/2026\/02\/reunion-ingenieros-proyectos-arquitectonicos-trabajando-socios_1421-70.jpg\" class=\"attachment-large size-large wp-image-8691\" alt=\"\" srcset=\"https:\/\/positiveengineering.com\/wp-content\/uploads\/2026\/02\/reunion-ingenieros-proyectos-arquitectonicos-trabajando-socios_1421-70.jpg 740w, https:\/\/positiveengineering.com\/wp-content\/uploads\/2026\/02\/reunion-ingenieros-proyectos-arquitectonicos-trabajando-socios_1421-70-300x200.jpg 300w, https:\/\/positiveengineering.com\/wp-content\/uploads\/2026\/02\/reunion-ingenieros-proyectos-arquitectonicos-trabajando-socios_1421-70-672x448.jpg 672w, https:\/\/positiveengineering.com\/wp-content\/uploads\/2026\/02\/reunion-ingenieros-proyectos-arquitectonicos-trabajando-socios_1421-70-600x400.jpg 600w\" sizes=\"(max-width: 740px) 100vw, 740px\" \/>\t\t\t\t\t\t\t\t\t\t\t\t\t\t\t<\/div>\n\t\t\t\t<div class=\"elementor-element elementor-element-1c9b481 elementor-widget elementor-widget-heading\" data-id=\"1c9b481\" data-element_type=\"widget\" data-e-type=\"widget\" data-widget_type=\"heading.default\">\n\t\t\t\t\t<h2 class=\"elementor-heading-title elementor-size-default\">Servicios especializados de Consultor\u00eda<\/h2>\t\t\t\t<\/div>\n\t\t\t\t<div class=\"elementor-element elementor-element-14bb334 elementor-widget elementor-widget-text-editor\" data-id=\"14bb334\" data-element_type=\"widget\" data-e-type=\"widget\" data-widget_type=\"text-editor.default\">\n\t\t\t\t\t\t\t\t\t<p>Estos servicios se centran en la <strong>supervisi\u00f3n t\u00e9cnica, la revisi\u00f3n y el soporte a la toma de decisiones<\/strong> en representaci\u00f3n del <strong>propietario del activo<\/strong>, garantizando el <strong>pleno cumplimiento de los est\u00e1ndares del cliente<\/strong>, las <strong>especificaciones del proyecto<\/strong> y las <strong>mejores pr\u00e1cticas de ingenier\u00eda<\/strong>.<\/p><ul><li>Autoridad t\u00e9cnica en C&amp;I y OT del lado del cliente.<\/li><li>Garant\u00eda de que todas las soluciones de ingenier\u00eda cumplen con los est\u00e1ndares internos del cliente, las especificaciones y las filosof\u00edas de control.<\/li><li>Revisi\u00f3n t\u00e9cnica y aprobaci\u00f3n de la ingenier\u00eda desarrollada por terceros (EPCs, MAC, integradores de sistemas, proveedores, etc.).<\/li><li>Supervisi\u00f3n de actividades de Ingenier\u00eda B\u00e1sica, FEED e Ingenier\u00eda de Detalle.<\/li><li>Representaci\u00f3n del cliente en reuniones t\u00e9cnicas con EPCs, proveedores e integradores de sistemas.<\/li><li>Revisi\u00f3n de arquitecturas de sistemas de control, incluyendo DCS, PLC, SIS, F&amp;G, MMS y redes OT.<\/li><li>Revisi\u00f3n del dise\u00f1o OT, conceptos de red y enfoques de integraci\u00f3n de sistemas.<\/li><li>Soporte durante la gesti\u00f3n de requisiciones (RMS) para compras relacionadas con OT y especificaciones t\u00e9cnicas.<\/li><li>Revisi\u00f3n t\u00e9cnica de especificaciones de sistemas de control, redes, armarios e infraestructuras OT.<\/li><li>Evaluaci\u00f3n de propuestas t\u00e9cnicas y comparaci\u00f3n de ofertas.<\/li><li>Soporte en la selecci\u00f3n de proveedores de sistemas de control.<\/li><li>Soporte t\u00e9cnico activo durante la puesta en marcha y el arranque.<\/li><li>Asesoramiento t\u00e9cnico en proyectos de revamping, modernizaci\u00f3n y migraci\u00f3n.<\/li><li>Soporte en la definici\u00f3n de estrategias de migraci\u00f3n de sistemas de control (actualizaciones de DCS, migraciones por fases, estrategias de coexistencia, etc.).<\/li><\/ul>\t\t\t\t\t\t\t\t<\/div>\n\t\t\t\t<\/div>\n\t\t\t\t<\/div>\n\t\t\t\t<\/div>\n\t\t\t\t<\/div>\n\t\t\t\t\t<\/div>\n\t\t\t\t<\/div>\n\t\t\t\t<\/div>\n\t\t","protected":false},"excerpt":{"rendered":"<p>Positive Engineering es una empresa especializada en Control e Instrumentaci\u00f3n (C&amp;I) y Tecnolog\u00edas de Operaci\u00f3n (OT) para entornos industriales, incluyendo&#8230;<\/p>\n","protected":false},"author":2,"featured_media":8580,"parent":1280,"menu_order":0,"comment_status":"closed","ping_status":"closed","template":"","meta":{"give_campaign_id":0,"footnotes":""},"class_list":["post-8796","page","type-page","status-publish","has-post-thumbnail","hentry"],"campaignId":"","_links":{"self":[{"href":"https:\/\/positiveengineering.com\/es\/wp-json\/wp\/v2\/pages\/8796","targetHints":{"allow":["GET"]}}],"collection":[{"href":"https:\/\/positiveengineering.com\/es\/wp-json\/wp\/v2\/pages"}],"about":[{"href":"https:\/\/positiveengineering.com\/es\/wp-json\/wp\/v2\/types\/page"}],"author":[{"embeddable":true,"href":"https:\/\/positiveengineering.com\/es\/wp-json\/wp\/v2\/users\/2"}],"replies":[{"embeddable":true,"href":"https:\/\/positiveengineering.com\/es\/wp-json\/wp\/v2\/comments?post=8796"}],"version-history":[{"count":13,"href":"https:\/\/positiveengineering.com\/es\/wp-json\/wp\/v2\/pages\/8796\/revisions"}],"predecessor-version":[{"id":8998,"href":"https:\/\/positiveengineering.com\/es\/wp-json\/wp\/v2\/pages\/8796\/revisions\/8998"}],"up":[{"embeddable":true,"href":"https:\/\/positiveengineering.com\/es\/wp-json\/wp\/v2\/pages\/1280"}],"wp:featuredmedia":[{"embeddable":true,"href":"https:\/\/positiveengineering.com\/es\/wp-json\/wp\/v2\/media\/8580"}],"wp:attachment":[{"href":"https:\/\/positiveengineering.com\/es\/wp-json\/wp\/v2\/media?parent=8796"}],"curies":[{"name":"wp","href":"https:\/\/api.w.org\/{rel}","templated":true}]}}